{"id":19446,"date":"2025-09-28T12:15:01","date_gmt":"2025-09-28T09:15:01","guid":{"rendered":"https:\/\/www.bosphorusith.com\/wp\/?post_type=product&#038;p=19446"},"modified":"2025-09-28T12:15:02","modified_gmt":"2025-09-28T09:15:02","slug":"sungerlikli-beyaz-sivi-sabunluk-15x7x20cm-470ml","status":"publish","type":"product","link":"https:\/\/www.bosphorusith.com\/wp\/urun\/sungerlikli-beyaz-sivi-sabunluk-15x7x20cm-470ml\/","title":{"rendered":"S\u00dcNGERL\u0130KL\u0130 BEYAZ SIVI SABUNLUK 15X7X20CM 470ML"},"content":{"rendered":"<table width=\"135\">\n<tbody>\n<tr>\n<td width=\"135\">Lavabonuzun kenar\u0131nda s\u00fcngerinizi de koyabilece\u011finiz b\u00f6lmesi bulunan,s\u0131v\u0131 sabunluktur.G\u00f6rseldeki aksesuarlar \u00fcr\u00fcne dahil de\u011fildir.<\/td>\n<\/tr>\n<\/tbody>\n<\/table>\n","protected":false},"excerpt":{"rendered":"<table width=\"81\">\n<tbody>\n<tr>\n<td width=\"81\">S\u00fcnger ve tel koyma b\u00f6lmesi bulunan s\u0131v\u0131 sabunluktur.\u015eeffaf renkli \u00fcr\u00fcn akrilik malzemelidir.Boyu 20cm,eni 6cm,geni\u015fli\u011fi 8cm,dir.<\/td>\n<\/tr>\n<\/tbody>\n<\/table>\n","protected":false},"featured_media":19450,"comment_status":"open","ping_status":"closed","template":"","meta":{"pagelayer_contact_templates":[],"_pagelayer_content":""},"product_brand":[92],"product_cat":[21],"product_tag":[],"class_list":{"0":"post-19446","1":"product","2":"type-product","3":"status-publish","4":"has-post-thumbnail","6":"product_brand-sia","7":"product_cat-mutfakakssr","9":"first","10":"instock","11":"shipping-taxable","12":"product-type-simple"},"yoast_head":"<!-- This site is optimized with the Yoast SEO plugin v25.3 - https:\/\/yoast.com\/wordpress\/plugins\/seo\/ -->\n<title>S\u00dcNGERL\u0130KL\u0130 BEYAZ SIVI SABUNLUK 15X7X20CM 470ML - Bosphorus<\/title>\n<meta name=\"robots\" content=\"index, follow, max-snippet:-1, max-image-preview:large, max-video-preview:-1\" \/>\n<link rel=\"canonical\" href=\"https:\/\/www.bosphorusith.com\/wp\/urun\/sungerlikli-beyaz-sivi-sabunluk-15x7x20cm-470ml\/\" \/>\n<meta property=\"og:locale\" content=\"tr_TR\" \/>\n<meta property=\"og:type\" content=\"article\" \/>\n<meta property=\"og:title\" content=\"S\u00dcNGERL\u0130KL\u0130 BEYAZ SIVI SABUNLUK 15X7X20CM 470ML - Bosphorus\" \/>\n<meta property=\"og:description\" content=\"S\u00fcnger ve tel koyma b\u00f6lmesi bulunan s\u0131v\u0131 sabunluktur.\u015eeffaf renkli \u00fcr\u00fcn akrilik malzemelidir.Boyu 20cm,eni 6cm,geni\u015fli\u011fi 8cm,dir.\" \/>\n<meta property=\"og:url\" content=\"https:\/\/www.bosphorusith.com\/wp\/urun\/sungerlikli-beyaz-sivi-sabunluk-15x7x20cm-470ml\/\" \/>\n<meta property=\"og:site_name\" content=\"Bosphorus\" \/>\n<meta property=\"article:modified_time\" content=\"2025-09-28T09:15:02+00:00\" \/>\n<meta property=\"og:image\" content=\"https:\/\/www.bosphorusith.com\/wp\/wp-content\/uploads\/2025\/09\/081492312109.MAIN_.jpg\" \/>\n\t<meta property=\"og:image:width\" content=\"2000\" \/>\n\t<meta property=\"og:image:height\" content=\"1600\" \/>\n\t<meta property=\"og:image:type\" content=\"image\/jpeg\" \/>\n<meta name=\"twitter:card\" content=\"summary_large_image\" \/>\n<meta name=\"twitter:label1\" content=\"Tahmini okuma s\u00fcresi\" \/>\n\t<meta name=\"twitter:data1\" content=\"1 dakika\" \/>\n<script type=\"application\/ld+json\" class=\"yoast-schema-graph\">{\"@context\":\"https:\/\/schema.org\",\"@graph\":[{\"@type\":\"WebPage\",\"@id\":\"https:\/\/www.bosphorusith.com\/wp\/urun\/sungerlikli-beyaz-sivi-sabunluk-15x7x20cm-470ml\/\",\"url\":\"https:\/\/www.bosphorusith.com\/wp\/urun\/sungerlikli-beyaz-sivi-sabunluk-15x7x20cm-470ml\/\",\"name\":\"S\u00dcNGERL\u0130KL\u0130 BEYAZ SIVI SABUNLUK 15X7X20CM 470ML - Bosphorus\",\"isPartOf\":{\"@id\":\"https:\/\/www.bosphorusith.com\/wp\/#website\"},\"primaryImageOfPage\":{\"@id\":\"https:\/\/www.bosphorusith.com\/wp\/urun\/sungerlikli-beyaz-sivi-sabunluk-15x7x20cm-470ml\/#primaryimage\"},\"image\":{\"@id\":\"https:\/\/www.bosphorusith.com\/wp\/urun\/sungerlikli-beyaz-sivi-sabunluk-15x7x20cm-470ml\/#primaryimage\"},\"thumbnailUrl\":\"https:\/\/www.bosphorusith.com\/wp\/wp-content\/uploads\/2025\/09\/081492312109.MAIN_.jpg\",\"datePublished\":\"2025-09-28T09:15:01+00:00\",\"dateModified\":\"2025-09-28T09:15:02+00:00\",\"breadcrumb\":{\"@id\":\"https:\/\/www.bosphorusith.com\/wp\/urun\/sungerlikli-beyaz-sivi-sabunluk-15x7x20cm-470ml\/#breadcrumb\"},\"inLanguage\":\"tr\",\"potentialAction\":[{\"@type\":\"ReadAction\",\"target\":[\"https:\/\/www.bosphorusith.com\/wp\/urun\/sungerlikli-beyaz-sivi-sabunluk-15x7x20cm-470ml\/\"]}]},{\"@type\":\"ImageObject\",\"inLanguage\":\"tr\",\"@id\":\"https:\/\/www.bosphorusith.com\/wp\/urun\/sungerlikli-beyaz-sivi-sabunluk-15x7x20cm-470ml\/#primaryimage\",\"url\":\"https:\/\/www.bosphorusith.com\/wp\/wp-content\/uploads\/2025\/09\/081492312109.MAIN_.jpg\",\"contentUrl\":\"https:\/\/www.bosphorusith.com\/wp\/wp-content\/uploads\/2025\/09\/081492312109.MAIN_.jpg\",\"width\":2000,\"height\":1600},{\"@type\":\"BreadcrumbList\",\"@id\":\"https:\/\/www.bosphorusith.com\/wp\/urun\/sungerlikli-beyaz-sivi-sabunluk-15x7x20cm-470ml\/#breadcrumb\",\"itemListElement\":[{\"@type\":\"ListItem\",\"position\":1,\"name\":\"Anasayfa\",\"item\":\"https:\/\/www.bosphorusith.com\/wp\/\"},{\"@type\":\"ListItem\",\"position\":2,\"name\":\"Katalog\",\"item\":\"https:\/\/www.bosphorusith.com\/wp\/urunlerimiz\/\"},{\"@type\":\"ListItem\",\"position\":3,\"name\":\"S\u00dcNGERL\u0130KL\u0130 BEYAZ SIVI SABUNLUK 15X7X20CM 470ML\"}]},{\"@type\":\"WebSite\",\"@id\":\"https:\/\/www.bosphorusith.com\/wp\/#website\",\"url\":\"https:\/\/www.bosphorusith.com\/wp\/\",\"name\":\"Bosphorus\",\"description\":\"Ev Aksesuarlar\u0131\",\"publisher\":{\"@id\":\"https:\/\/www.bosphorusith.com\/wp\/#organization\"},\"potentialAction\":[{\"@type\":\"SearchAction\",\"target\":{\"@type\":\"EntryPoint\",\"urlTemplate\":\"https:\/\/www.bosphorusith.com\/wp\/?s={search_term_string}\"},\"query-input\":{\"@type\":\"PropertyValueSpecification\",\"valueRequired\":true,\"valueName\":\"search_term_string\"}}],\"inLanguage\":\"tr\"},{\"@type\":\"Organization\",\"@id\":\"https:\/\/www.bosphorusith.com\/wp\/#organization\",\"name\":\"Bosphorus\",\"url\":\"https:\/\/www.bosphorusith.com\/wp\/\",\"logo\":{\"@type\":\"ImageObject\",\"inLanguage\":\"tr\",\"@id\":\"https:\/\/www.bosphorusith.com\/wp\/#\/schema\/logo\/image\/\",\"url\":\"https:\/\/www.bosphorusith.com\/wp\/wp-content\/uploads\/2025\/05\/Adsiz-tasarim.png\",\"contentUrl\":\"https:\/\/www.bosphorusith.com\/wp\/wp-content\/uploads\/2025\/05\/Adsiz-tasarim.png\",\"width\":500,\"height\":500,\"caption\":\"Bosphorus\"},\"image\":{\"@id\":\"https:\/\/www.bosphorusith.com\/wp\/#\/schema\/logo\/image\/\"}}]}<\/script>\n<!-- \/ Yoast SEO plugin. -->","yoast_head_json":{"title":"S\u00dcNGERL\u0130KL\u0130 BEYAZ SIVI SABUNLUK 15X7X20CM 470ML - Bosphorus","robots":{"index":"index","follow":"follow","max-snippet":"max-snippet:-1","max-image-preview":"max-image-preview:large","max-video-preview":"max-video-preview:-1"},"canonical":"https:\/\/www.bosphorusith.com\/wp\/urun\/sungerlikli-beyaz-sivi-sabunluk-15x7x20cm-470ml\/","og_locale":"tr_TR","og_type":"article","og_title":"S\u00dcNGERL\u0130KL\u0130 BEYAZ SIVI SABUNLUK 15X7X20CM 470ML - Bosphorus","og_description":"S\u00fcnger ve tel koyma b\u00f6lmesi bulunan s\u0131v\u0131 sabunluktur.\u015eeffaf renkli \u00fcr\u00fcn akrilik malzemelidir.Boyu 20cm,eni 6cm,geni\u015fli\u011fi 8cm,dir.","og_url":"https:\/\/www.bosphorusith.com\/wp\/urun\/sungerlikli-beyaz-sivi-sabunluk-15x7x20cm-470ml\/","og_site_name":"Bosphorus","article_modified_time":"2025-09-28T09:15:02+00:00","og_image":[{"width":2000,"height":1600,"url":"https:\/\/www.bosphorusith.com\/wp\/wp-content\/uploads\/2025\/09\/081492312109.MAIN_.jpg","type":"image\/jpeg"}],"twitter_card":"summary_large_image","twitter_misc":{"Tahmini okuma s\u00fcresi":"1 dakika"},"schema":{"@context":"https:\/\/schema.org","@graph":[{"@type":"WebPage","@id":"https:\/\/www.bosphorusith.com\/wp\/urun\/sungerlikli-beyaz-sivi-sabunluk-15x7x20cm-470ml\/","url":"https:\/\/www.bosphorusith.com\/wp\/urun\/sungerlikli-beyaz-sivi-sabunluk-15x7x20cm-470ml\/","name":"S\u00dcNGERL\u0130KL\u0130 BEYAZ SIVI SABUNLUK 15X7X20CM 470ML - Bosphorus","isPartOf":{"@id":"https:\/\/www.bosphorusith.com\/wp\/#website"},"primaryImageOfPage":{"@id":"https:\/\/www.bosphorusith.com\/wp\/urun\/sungerlikli-beyaz-sivi-sabunluk-15x7x20cm-470ml\/#primaryimage"},"image":{"@id":"https:\/\/www.bosphorusith.com\/wp\/urun\/sungerlikli-beyaz-sivi-sabunluk-15x7x20cm-470ml\/#primaryimage"},"thumbnailUrl":"https:\/\/www.bosphorusith.com\/wp\/wp-content\/uploads\/2025\/09\/081492312109.MAIN_.jpg","datePublished":"2025-09-28T09:15:01+00:00","dateModified":"2025-09-28T09:15:02+00:00","breadcrumb":{"@id":"https:\/\/www.bosphorusith.com\/wp\/urun\/sungerlikli-beyaz-sivi-sabunluk-15x7x20cm-470ml\/#breadcrumb"},"inLanguage":"tr","potentialAction":[{"@type":"ReadAction","target":["https:\/\/www.bosphorusith.com\/wp\/urun\/sungerlikli-beyaz-sivi-sabunluk-15x7x20cm-470ml\/"]}]},{"@type":"ImageObject","inLanguage":"tr","@id":"https:\/\/www.bosphorusith.com\/wp\/urun\/sungerlikli-beyaz-sivi-sabunluk-15x7x20cm-470ml\/#primaryimage","url":"https:\/\/www.bosphorusith.com\/wp\/wp-content\/uploads\/2025\/09\/081492312109.MAIN_.jpg","contentUrl":"https:\/\/www.bosphorusith.com\/wp\/wp-content\/uploads\/2025\/09\/081492312109.MAIN_.jpg","width":2000,"height":1600},{"@type":"BreadcrumbList","@id":"https:\/\/www.bosphorusith.com\/wp\/urun\/sungerlikli-beyaz-sivi-sabunluk-15x7x20cm-470ml\/#breadcrumb","itemListElement":[{"@type":"ListItem","position":1,"name":"Anasayfa","item":"https:\/\/www.bosphorusith.com\/wp\/"},{"@type":"ListItem","position":2,"name":"Katalog","item":"https:\/\/www.bosphorusith.com\/wp\/urunlerimiz\/"},{"@type":"ListItem","position":3,"name":"S\u00dcNGERL\u0130KL\u0130 BEYAZ SIVI SABUNLUK 15X7X20CM 470ML"}]},{"@type":"WebSite","@id":"https:\/\/www.bosphorusith.com\/wp\/#website","url":"https:\/\/www.bosphorusith.com\/wp\/","name":"Bosphorus","description":"Ev Aksesuarlar\u0131","publisher":{"@id":"https:\/\/www.bosphorusith.com\/wp\/#organization"},"potentialAction":[{"@type":"SearchAction","target":{"@type":"EntryPoint","urlTemplate":"https:\/\/www.bosphorusith.com\/wp\/?s={search_term_string}"},"query-input":{"@type":"PropertyValueSpecification","valueRequired":true,"valueName":"search_term_string"}}],"inLanguage":"tr"},{"@type":"Organization","@id":"https:\/\/www.bosphorusith.com\/wp\/#organization","name":"Bosphorus","url":"https:\/\/www.bosphorusith.com\/wp\/","logo":{"@type":"ImageObject","inLanguage":"tr","@id":"https:\/\/www.bosphorusith.com\/wp\/#\/schema\/logo\/image\/","url":"https:\/\/www.bosphorusith.com\/wp\/wp-content\/uploads\/2025\/05\/Adsiz-tasarim.png","contentUrl":"https:\/\/www.bosphorusith.com\/wp\/wp-content\/uploads\/2025\/05\/Adsiz-tasarim.png","width":500,"height":500,"caption":"Bosphorus"},"image":{"@id":"https:\/\/www.bosphorusith.com\/wp\/#\/schema\/logo\/image\/"}}]}},"_links":{"self":[{"href":"https:\/\/www.bosphorusith.com\/wp\/wp-json\/wp\/v2\/product\/19446","targetHints":{"allow":["GET"]}}],"collection":[{"href":"https:\/\/www.bosphorusith.com\/wp\/wp-json\/wp\/v2\/product"}],"about":[{"href":"https:\/\/www.bosphorusith.com\/wp\/wp-json\/wp\/v2\/types\/product"}],"replies":[{"embeddable":true,"href":"https:\/\/www.bosphorusith.com\/wp\/wp-json\/wp\/v2\/comments?post=19446"}],"version-history":[{"count":1,"href":"https:\/\/www.bosphorusith.com\/wp\/wp-json\/wp\/v2\/product\/19446\/revisions"}],"predecessor-version":[{"id":19451,"href":"https:\/\/www.bosphorusith.com\/wp\/wp-json\/wp\/v2\/product\/19446\/revisions\/19451"}],"wp:featuredmedia":[{"embeddable":true,"href":"https:\/\/www.bosphorusith.com\/wp\/wp-json\/wp\/v2\/media\/19450"}],"wp:attachment":[{"href":"https:\/\/www.bosphorusith.com\/wp\/wp-json\/wp\/v2\/media?parent=19446"}],"wp:term":[{"taxonomy":"product_brand","embeddable":true,"href":"https:\/\/www.bosphorusith.com\/wp\/wp-json\/wp\/v2\/product_brand?post=19446"},{"taxonomy":"product_cat","embeddable":true,"href":"https:\/\/www.bosphorusith.com\/wp\/wp-json\/wp\/v2\/product_cat?post=19446"},{"taxonomy":"product_tag","embeddable":true,"href":"https:\/\/www.bosphorusith.com\/wp\/wp-json\/wp\/v2\/product_tag?post=19446"}],"curies":[{"name":"wp","href":"https:\/\/api.w.org\/{rel}","templated":true}]}}