{"id":17627,"date":"2025-09-21T11:19:31","date_gmt":"2025-09-21T08:19:31","guid":{"rendered":"https:\/\/www.bosphorusith.com\/wp\/?post_type=product&#038;p=17627"},"modified":"2025-09-21T14:57:39","modified_gmt":"2025-09-21T11:57:39","slug":"kalpli-geyikli-cep-sobasiel-isiticisicak-su-torbasi-pvc-9cm","status":"publish","type":"product","link":"https:\/\/www.bosphorusith.com\/wp\/urun\/kalpli-geyikli-cep-sobasiel-isiticisicak-su-torbasi-pvc-9cm\/","title":{"rendered":"KALPL\u0130 GEY\u0130KL\u0130 CEP SOBASI,EL ISITICI,SICAK SU TORBASI PVC  9cm"},"content":{"rendered":"<table width=\"94\">\n<tbody>\n<tr>\n<td width=\"94\">BOSPHORUS JEL EL ISITICI Evde, sokakta, konserde, ma\u00e7ta, i\u015fe giderken, kampta..Soguk havalarda ellerinizi \u0131s\u0131tmak art\u0131k cok kolay. A\u011fr\u0131yan veya \u00fc\u015f\u00fcyen ellerinize s\u0131cak pres yapar.Kullan\u0131rken Dikkat Edilmesi Gerekenler: \u00dcr\u00fcn\u00fc kullanman\u0131z\u0131n ard\u0131ndan tekrar kaynatarak s\u0131v\u0131 hale getirebilir ve tekrar kullanabilirsiniz. \u00dcr\u00fcn\u00fc kullan\u0131m\u0131n\u0131z\u0131n ard\u0131ndan kaynatarak s\u0131v\u0131 hale getiebilir ve tekrar kullanabilirsiniz.Ancak kaynatt\u0131ktan sonra \u00fcr\u00fcn so\u011fumadan metal paray\u0131 \u00e7\u0131tlatmay\u0131n\u0131z.<\/td>\n<\/tr>\n<\/tbody>\n<\/table>\n","protected":false},"excerpt":{"rendered":"<table width=\"81\">\n<tbody>\n<tr>\n<td width=\"81\">Kullan\u0131m \u015eekli:Paketin i\u00e7indeki meta paray\u0131 elinizle \u00e7\u0131tlat\u0131n. Metal \u00e7ip kataliz\u00f6r g\u00f6revi g\u00f6rmektedir, sonras\u0131nda jel kat\u0131la\u015facakt\u0131r. S\u0131cakl\u0131\u011f\u0131 30-40 dk sonunda yava\u015f yava\u015f azalacakt\u0131r.Tamamen so\u011futuldu\u011funda, t\u00fcm kristaller jel halini alana kadar (5-10 dk) kaynar suda \u0131s\u0131t\u0131n\u0131z. Herhangi bir kesilme veya y\u0131rt\u0131lma olmad\u0131\u011f\u0131, \u00e7ip k\u0131r\u0131lmad\u0131\u011f\u0131 s\u00fcrece \u0131s\u0131t\u0131c\u0131y\u0131 tekrar tekrar kullanabilirsiniz.Nas\u0131l \u00c7al\u0131\u015f\u0131yor?\u00a0Jelin i\u00e7indeki metali \u00e7\u0131tlat\u0131yorsunuz. Metal \u00e7ipimiz Kataliz\u00f6r g\u00f6revi g\u00f6rmekte. Tepkime sonucunda S\u0131v\u0131 Sodyum Asetat tuzu, kat\u0131 hale ge\u00e7iyor ve bu faz de\u011fi\u015ftirme esnas\u0131nda d\u0131\u015far\u0131ya \u0131s\u0131 veriyor, bu \u0131s\u0131 50 Dereceye kadar \u00e7\u0131k\u0131yor ve 30-45 dk s\u00fcresince tepkime devam ediyor. Daha sonra, kat\u0131 halde so\u011fumu\u015f i Is\u0131t\u0131c\u0131y\u0131, kaynatarak, tekrar Jel haline ge\u00e7mesini ve potansiyel bir \u0131s\u0131 kayna\u011f\u0131 olmas\u0131n\u0131 sa\u011fl\u0131yoruz.<\/td>\n<\/tr>\n<\/tbody>\n<\/table>\n","protected":false},"featured_media":17632,"comment_status":"open","ping_status":"closed","template":"","meta":{"pagelayer_contact_templates":[],"_pagelayer_content":""},"product_brand":[92],"product_cat":[79],"product_tag":[],"class_list":{"0":"post-17627","1":"product","2":"type-product","3":"status-publish","4":"has-post-thumbnail","6":"product_brand-sia","7":"product_cat-sicaksuelisiticisi","9":"first","10":"instock","11":"shipping-taxable","12":"product-type-simple"},"yoast_head":"<!-- This site is optimized with the Yoast SEO plugin v25.3 - https:\/\/yoast.com\/wordpress\/plugins\/seo\/ -->\n<title>KALPL\u0130 GEY\u0130KL\u0130 CEP SOBASI,EL ISITICI,SICAK SU TORBASI PVC 9cm - Bosphorus<\/title>\n<meta name=\"robots\" content=\"index, follow, max-snippet:-1, max-image-preview:large, max-video-preview:-1\" \/>\n<link rel=\"canonical\" href=\"https:\/\/www.bosphorusith.com\/wp\/urun\/kalpli-geyikli-cep-sobasiel-isiticisicak-su-torbasi-pvc-9cm\/\" \/>\n<meta property=\"og:locale\" content=\"tr_TR\" \/>\n<meta property=\"og:type\" content=\"article\" \/>\n<meta property=\"og:title\" content=\"KALPL\u0130 GEY\u0130KL\u0130 CEP SOBASI,EL ISITICI,SICAK SU TORBASI PVC 9cm - Bosphorus\" \/>\n<meta property=\"og:description\" content=\"Kullan\u0131m \u015eekli:Paketin i\u00e7indeki meta paray\u0131 elinizle \u00e7\u0131tlat\u0131n. Metal \u00e7ip kataliz\u00f6r g\u00f6revi g\u00f6rmektedir, sonras\u0131nda jel kat\u0131la\u015facakt\u0131r. S\u0131cakl\u0131\u011f\u0131 30-40 dk sonunda yava\u015f yava\u015f azalacakt\u0131r.Tamamen so\u011futuldu\u011funda, t\u00fcm kristaller jel halini alana kadar (5-10 dk) kaynar suda \u0131s\u0131t\u0131n\u0131z. Herhangi bir kesilme veya y\u0131rt\u0131lma olmad\u0131\u011f\u0131, \u00e7ip k\u0131r\u0131lmad\u0131\u011f\u0131 s\u00fcrece \u0131s\u0131t\u0131c\u0131y\u0131 tekrar tekrar kullanabilirsiniz.Nas\u0131l \u00c7al\u0131\u015f\u0131yor?\u00a0Jelin i\u00e7indeki metali \u00e7\u0131tlat\u0131yorsunuz. Metal \u00e7ipimiz Kataliz\u00f6r g\u00f6revi g\u00f6rmekte. Tepkime sonucunda S\u0131v\u0131 Sodyum Asetat tuzu, kat\u0131 hale ge\u00e7iyor ve bu faz de\u011fi\u015ftirme esnas\u0131nda d\u0131\u015far\u0131ya \u0131s\u0131 veriyor, bu \u0131s\u0131 50 Dereceye kadar \u00e7\u0131k\u0131yor ve 30-45 dk s\u00fcresince tepkime devam ediyor. Daha sonra, kat\u0131 halde so\u011fumu\u015f i Is\u0131t\u0131c\u0131y\u0131, kaynatarak, tekrar Jel haline ge\u00e7mesini ve potansiyel bir \u0131s\u0131 kayna\u011f\u0131 olmas\u0131n\u0131 sa\u011fl\u0131yoruz.\" \/>\n<meta property=\"og:url\" content=\"https:\/\/www.bosphorusith.com\/wp\/urun\/kalpli-geyikli-cep-sobasiel-isiticisicak-su-torbasi-pvc-9cm\/\" \/>\n<meta property=\"og:site_name\" content=\"Bosphorus\" \/>\n<meta property=\"article:modified_time\" content=\"2025-09-21T11:57:39+00:00\" \/>\n<meta property=\"og:image\" content=\"https:\/\/www.bosphorusith.com\/wp\/wp-content\/uploads\/2025\/09\/5702331317943.MAIN_-scaled.jpg\" \/>\n\t<meta property=\"og:image:width\" content=\"2560\" \/>\n\t<meta property=\"og:image:height\" content=\"1920\" \/>\n\t<meta property=\"og:image:type\" content=\"image\/jpeg\" \/>\n<meta name=\"twitter:card\" content=\"summary_large_image\" \/>\n<meta name=\"twitter:label1\" content=\"Tahmini okuma s\u00fcresi\" \/>\n\t<meta name=\"twitter:data1\" content=\"1 dakika\" \/>\n<script type=\"application\/ld+json\" class=\"yoast-schema-graph\">{\"@context\":\"https:\/\/schema.org\",\"@graph\":[{\"@type\":\"WebPage\",\"@id\":\"https:\/\/www.bosphorusith.com\/wp\/urun\/kalpli-geyikli-cep-sobasiel-isiticisicak-su-torbasi-pvc-9cm\/\",\"url\":\"https:\/\/www.bosphorusith.com\/wp\/urun\/kalpli-geyikli-cep-sobasiel-isiticisicak-su-torbasi-pvc-9cm\/\",\"name\":\"KALPL\u0130 GEY\u0130KL\u0130 CEP SOBASI,EL ISITICI,SICAK SU TORBASI PVC 9cm - Bosphorus\",\"isPartOf\":{\"@id\":\"https:\/\/www.bosphorusith.com\/wp\/#website\"},\"primaryImageOfPage\":{\"@id\":\"https:\/\/www.bosphorusith.com\/wp\/urun\/kalpli-geyikli-cep-sobasiel-isiticisicak-su-torbasi-pvc-9cm\/#primaryimage\"},\"image\":{\"@id\":\"https:\/\/www.bosphorusith.com\/wp\/urun\/kalpli-geyikli-cep-sobasiel-isiticisicak-su-torbasi-pvc-9cm\/#primaryimage\"},\"thumbnailUrl\":\"https:\/\/www.bosphorusith.com\/wp\/wp-content\/uploads\/2025\/09\/5702331317943.MAIN_-scaled.jpg\",\"datePublished\":\"2025-09-21T08:19:31+00:00\",\"dateModified\":\"2025-09-21T11:57:39+00:00\",\"breadcrumb\":{\"@id\":\"https:\/\/www.bosphorusith.com\/wp\/urun\/kalpli-geyikli-cep-sobasiel-isiticisicak-su-torbasi-pvc-9cm\/#breadcrumb\"},\"inLanguage\":\"tr\",\"potentialAction\":[{\"@type\":\"ReadAction\",\"target\":[\"https:\/\/www.bosphorusith.com\/wp\/urun\/kalpli-geyikli-cep-sobasiel-isiticisicak-su-torbasi-pvc-9cm\/\"]}]},{\"@type\":\"ImageObject\",\"inLanguage\":\"tr\",\"@id\":\"https:\/\/www.bosphorusith.com\/wp\/urun\/kalpli-geyikli-cep-sobasiel-isiticisicak-su-torbasi-pvc-9cm\/#primaryimage\",\"url\":\"https:\/\/www.bosphorusith.com\/wp\/wp-content\/uploads\/2025\/09\/5702331317943.MAIN_-scaled.jpg\",\"contentUrl\":\"https:\/\/www.bosphorusith.com\/wp\/wp-content\/uploads\/2025\/09\/5702331317943.MAIN_-scaled.jpg\",\"width\":2560,\"height\":1920},{\"@type\":\"BreadcrumbList\",\"@id\":\"https:\/\/www.bosphorusith.com\/wp\/urun\/kalpli-geyikli-cep-sobasiel-isiticisicak-su-torbasi-pvc-9cm\/#breadcrumb\",\"itemListElement\":[{\"@type\":\"ListItem\",\"position\":1,\"name\":\"Anasayfa\",\"item\":\"https:\/\/www.bosphorusith.com\/wp\/\"},{\"@type\":\"ListItem\",\"position\":2,\"name\":\"Katalog\",\"item\":\"https:\/\/www.bosphorusith.com\/wp\/urunlerimiz\/\"},{\"@type\":\"ListItem\",\"position\":3,\"name\":\"KALPL\u0130 GEY\u0130KL\u0130 CEP SOBASI,EL ISITICI,SICAK SU TORBASI PVC 9cm\"}]},{\"@type\":\"WebSite\",\"@id\":\"https:\/\/www.bosphorusith.com\/wp\/#website\",\"url\":\"https:\/\/www.bosphorusith.com\/wp\/\",\"name\":\"Bosphorus\",\"description\":\"Ev Aksesuarlar\u0131\",\"publisher\":{\"@id\":\"https:\/\/www.bosphorusith.com\/wp\/#organization\"},\"potentialAction\":[{\"@type\":\"SearchAction\",\"target\":{\"@type\":\"EntryPoint\",\"urlTemplate\":\"https:\/\/www.bosphorusith.com\/wp\/?s={search_term_string}\"},\"query-input\":{\"@type\":\"PropertyValueSpecification\",\"valueRequired\":true,\"valueName\":\"search_term_string\"}}],\"inLanguage\":\"tr\"},{\"@type\":\"Organization\",\"@id\":\"https:\/\/www.bosphorusith.com\/wp\/#organization\",\"name\":\"Bosphorus\",\"url\":\"https:\/\/www.bosphorusith.com\/wp\/\",\"logo\":{\"@type\":\"ImageObject\",\"inLanguage\":\"tr\",\"@id\":\"https:\/\/www.bosphorusith.com\/wp\/#\/schema\/logo\/image\/\",\"url\":\"https:\/\/www.bosphorusith.com\/wp\/wp-content\/uploads\/2025\/05\/Adsiz-tasarim.png\",\"contentUrl\":\"https:\/\/www.bosphorusith.com\/wp\/wp-content\/uploads\/2025\/05\/Adsiz-tasarim.png\",\"width\":500,\"height\":500,\"caption\":\"Bosphorus\"},\"image\":{\"@id\":\"https:\/\/www.bosphorusith.com\/wp\/#\/schema\/logo\/image\/\"}}]}<\/script>\n<!-- \/ Yoast SEO plugin. -->","yoast_head_json":{"title":"KALPL\u0130 GEY\u0130KL\u0130 CEP SOBASI,EL ISITICI,SICAK SU TORBASI PVC 9cm - Bosphorus","robots":{"index":"index","follow":"follow","max-snippet":"max-snippet:-1","max-image-preview":"max-image-preview:large","max-video-preview":"max-video-preview:-1"},"canonical":"https:\/\/www.bosphorusith.com\/wp\/urun\/kalpli-geyikli-cep-sobasiel-isiticisicak-su-torbasi-pvc-9cm\/","og_locale":"tr_TR","og_type":"article","og_title":"KALPL\u0130 GEY\u0130KL\u0130 CEP SOBASI,EL ISITICI,SICAK SU TORBASI PVC 9cm - Bosphorus","og_description":"Kullan\u0131m \u015eekli:Paketin i\u00e7indeki meta paray\u0131 elinizle \u00e7\u0131tlat\u0131n. Metal \u00e7ip kataliz\u00f6r g\u00f6revi g\u00f6rmektedir, sonras\u0131nda jel kat\u0131la\u015facakt\u0131r. S\u0131cakl\u0131\u011f\u0131 30-40 dk sonunda yava\u015f yava\u015f azalacakt\u0131r.Tamamen so\u011futuldu\u011funda, t\u00fcm kristaller jel halini alana kadar (5-10 dk) kaynar suda \u0131s\u0131t\u0131n\u0131z. Herhangi bir kesilme veya y\u0131rt\u0131lma olmad\u0131\u011f\u0131, \u00e7ip k\u0131r\u0131lmad\u0131\u011f\u0131 s\u00fcrece \u0131s\u0131t\u0131c\u0131y\u0131 tekrar tekrar kullanabilirsiniz.Nas\u0131l \u00c7al\u0131\u015f\u0131yor?\u00a0Jelin i\u00e7indeki metali \u00e7\u0131tlat\u0131yorsunuz. Metal \u00e7ipimiz Kataliz\u00f6r g\u00f6revi g\u00f6rmekte. Tepkime sonucunda S\u0131v\u0131 Sodyum Asetat tuzu, kat\u0131 hale ge\u00e7iyor ve bu faz de\u011fi\u015ftirme esnas\u0131nda d\u0131\u015far\u0131ya \u0131s\u0131 veriyor, bu \u0131s\u0131 50 Dereceye kadar \u00e7\u0131k\u0131yor ve 30-45 dk s\u00fcresince tepkime devam ediyor. Daha sonra, kat\u0131 halde so\u011fumu\u015f i Is\u0131t\u0131c\u0131y\u0131, kaynatarak, tekrar Jel haline ge\u00e7mesini ve potansiyel bir \u0131s\u0131 kayna\u011f\u0131 olmas\u0131n\u0131 sa\u011fl\u0131yoruz.","og_url":"https:\/\/www.bosphorusith.com\/wp\/urun\/kalpli-geyikli-cep-sobasiel-isiticisicak-su-torbasi-pvc-9cm\/","og_site_name":"Bosphorus","article_modified_time":"2025-09-21T11:57:39+00:00","og_image":[{"width":2560,"height":1920,"url":"https:\/\/www.bosphorusith.com\/wp\/wp-content\/uploads\/2025\/09\/5702331317943.MAIN_-scaled.jpg","type":"image\/jpeg"}],"twitter_card":"summary_large_image","twitter_misc":{"Tahmini okuma s\u00fcresi":"1 dakika"},"schema":{"@context":"https:\/\/schema.org","@graph":[{"@type":"WebPage","@id":"https:\/\/www.bosphorusith.com\/wp\/urun\/kalpli-geyikli-cep-sobasiel-isiticisicak-su-torbasi-pvc-9cm\/","url":"https:\/\/www.bosphorusith.com\/wp\/urun\/kalpli-geyikli-cep-sobasiel-isiticisicak-su-torbasi-pvc-9cm\/","name":"KALPL\u0130 GEY\u0130KL\u0130 CEP SOBASI,EL ISITICI,SICAK SU TORBASI PVC 9cm - Bosphorus","isPartOf":{"@id":"https:\/\/www.bosphorusith.com\/wp\/#website"},"primaryImageOfPage":{"@id":"https:\/\/www.bosphorusith.com\/wp\/urun\/kalpli-geyikli-cep-sobasiel-isiticisicak-su-torbasi-pvc-9cm\/#primaryimage"},"image":{"@id":"https:\/\/www.bosphorusith.com\/wp\/urun\/kalpli-geyikli-cep-sobasiel-isiticisicak-su-torbasi-pvc-9cm\/#primaryimage"},"thumbnailUrl":"https:\/\/www.bosphorusith.com\/wp\/wp-content\/uploads\/2025\/09\/5702331317943.MAIN_-scaled.jpg","datePublished":"2025-09-21T08:19:31+00:00","dateModified":"2025-09-21T11:57:39+00:00","breadcrumb":{"@id":"https:\/\/www.bosphorusith.com\/wp\/urun\/kalpli-geyikli-cep-sobasiel-isiticisicak-su-torbasi-pvc-9cm\/#breadcrumb"},"inLanguage":"tr","potentialAction":[{"@type":"ReadAction","target":["https:\/\/www.bosphorusith.com\/wp\/urun\/kalpli-geyikli-cep-sobasiel-isiticisicak-su-torbasi-pvc-9cm\/"]}]},{"@type":"ImageObject","inLanguage":"tr","@id":"https:\/\/www.bosphorusith.com\/wp\/urun\/kalpli-geyikli-cep-sobasiel-isiticisicak-su-torbasi-pvc-9cm\/#primaryimage","url":"https:\/\/www.bosphorusith.com\/wp\/wp-content\/uploads\/2025\/09\/5702331317943.MAIN_-scaled.jpg","contentUrl":"https:\/\/www.bosphorusith.com\/wp\/wp-content\/uploads\/2025\/09\/5702331317943.MAIN_-scaled.jpg","width":2560,"height":1920},{"@type":"BreadcrumbList","@id":"https:\/\/www.bosphorusith.com\/wp\/urun\/kalpli-geyikli-cep-sobasiel-isiticisicak-su-torbasi-pvc-9cm\/#breadcrumb","itemListElement":[{"@type":"ListItem","position":1,"name":"Anasayfa","item":"https:\/\/www.bosphorusith.com\/wp\/"},{"@type":"ListItem","position":2,"name":"Katalog","item":"https:\/\/www.bosphorusith.com\/wp\/urunlerimiz\/"},{"@type":"ListItem","position":3,"name":"KALPL\u0130 GEY\u0130KL\u0130 CEP SOBASI,EL ISITICI,SICAK SU TORBASI PVC 9cm"}]},{"@type":"WebSite","@id":"https:\/\/www.bosphorusith.com\/wp\/#website","url":"https:\/\/www.bosphorusith.com\/wp\/","name":"Bosphorus","description":"Ev Aksesuarlar\u0131","publisher":{"@id":"https:\/\/www.bosphorusith.com\/wp\/#organization"},"potentialAction":[{"@type":"SearchAction","target":{"@type":"EntryPoint","urlTemplate":"https:\/\/www.bosphorusith.com\/wp\/?s={search_term_string}"},"query-input":{"@type":"PropertyValueSpecification","valueRequired":true,"valueName":"search_term_string"}}],"inLanguage":"tr"},{"@type":"Organization","@id":"https:\/\/www.bosphorusith.com\/wp\/#organization","name":"Bosphorus","url":"https:\/\/www.bosphorusith.com\/wp\/","logo":{"@type":"ImageObject","inLanguage":"tr","@id":"https:\/\/www.bosphorusith.com\/wp\/#\/schema\/logo\/image\/","url":"https:\/\/www.bosphorusith.com\/wp\/wp-content\/uploads\/2025\/05\/Adsiz-tasarim.png","contentUrl":"https:\/\/www.bosphorusith.com\/wp\/wp-content\/uploads\/2025\/05\/Adsiz-tasarim.png","width":500,"height":500,"caption":"Bosphorus"},"image":{"@id":"https:\/\/www.bosphorusith.com\/wp\/#\/schema\/logo\/image\/"}}]}},"_links":{"self":[{"href":"https:\/\/www.bosphorusith.com\/wp\/wp-json\/wp\/v2\/product\/17627","targetHints":{"allow":["GET"]}}],"collection":[{"href":"https:\/\/www.bosphorusith.com\/wp\/wp-json\/wp\/v2\/product"}],"about":[{"href":"https:\/\/www.bosphorusith.com\/wp\/wp-json\/wp\/v2\/types\/product"}],"replies":[{"embeddable":true,"href":"https:\/\/www.bosphorusith.com\/wp\/wp-json\/wp\/v2\/comments?post=17627"}],"version-history":[{"count":1,"href":"https:\/\/www.bosphorusith.com\/wp\/wp-json\/wp\/v2\/product\/17627\/revisions"}],"predecessor-version":[{"id":17633,"href":"https:\/\/www.bosphorusith.com\/wp\/wp-json\/wp\/v2\/product\/17627\/revisions\/17633"}],"wp:featuredmedia":[{"embeddable":true,"href":"https:\/\/www.bosphorusith.com\/wp\/wp-json\/wp\/v2\/media\/17632"}],"wp:attachment":[{"href":"https:\/\/www.bosphorusith.com\/wp\/wp-json\/wp\/v2\/media?parent=17627"}],"wp:term":[{"taxonomy":"product_brand","embeddable":true,"href":"https:\/\/www.bosphorusith.com\/wp\/wp-json\/wp\/v2\/product_brand?post=17627"},{"taxonomy":"product_cat","embeddable":true,"href":"https:\/\/www.bosphorusith.com\/wp\/wp-json\/wp\/v2\/product_cat?post=17627"},{"taxonomy":"product_tag","embeddable":true,"href":"https:\/\/www.bosphorusith.com\/wp\/wp-json\/wp\/v2\/product_tag?post=17627"}],"curies":[{"name":"wp","href":"https:\/\/api.w.org\/{rel}","templated":true}]}}