{"id":19438,"date":"2025-09-28T12:12:56","date_gmt":"2025-09-28T09:12:56","guid":{"rendered":"https:\/\/www.bosphorusith.com\/wp\/?post_type=product&#038;p=19438"},"modified":"2025-09-28T12:12:56","modified_gmt":"2025-09-28T09:12:56","slug":"dolap-alti-sarapliksiselik-ve-bardaklik-54x11x18cm","status":"publish","type":"product","link":"https:\/\/www.bosphorusith.com\/wp\/en\/product\/dolap-alti-sarapliksiselik-ve-bardaklik-54x11x18cm\/","title":{"rendered":"DOLAP ALTI \u015eARAPLIK,\u015e\u0130\u015eEL\u0130K VE BARDAKLIK  54x11x18cm"},"content":{"rendered":"<table width=\"135\">\n<tbody>\n<tr>\n<td width=\"135\">Bu \u015f\u0131k krom kaplama \u015farap raf\u0131, dolab\u0131n alt\u0131na monte edildi\u011finden ve 6 \u015fi\u015fe \u015farap alabildi\u011finden olduk\u00e7a yerden tasarruf sa\u011flar.G\u00f6rseldeki aksesuarlar \u00fcr\u00fcne dahil de\u011fildir.<\/td>\n<\/tr>\n<\/tbody>\n<\/table>","protected":false},"excerpt":{"rendered":"<table width=\"81\">\n<tbody>\n<tr>\n<td width=\"81\">K\u00fc\u00e7\u00fck alanlar i\u00e7in m\u00fckemmel olan bu dolap alt\u0131 raf, tezgahta yer a\u00e7ar ve favori \u015faraplar\u0131 g\u00f6sterir.\u00a0Kurulumu kolay raf, alt\u0131 \u015fi\u015feye kadar tutar.Ah\u015faba sabitlemek i\u00e7in vidalarla birlikte gelir;54x11x18 cm ebatlar\u0131ndad\u0131r.<\/td>\n<\/tr>\n<\/tbody>\n<\/table>","protected":false},"featured_media":19442,"comment_status":"open","ping_status":"closed","template":"","meta":{"pagelayer_contact_templates":[],"_pagelayer_content":""},"product_brand":[92],"product_cat":[21],"product_tag":[],"class_list":{"0":"post-19438","1":"product","2":"type-product","3":"status-publish","4":"has-post-thumbnail","6":"product_brand-sia","7":"product_cat-mutfakakssr","9":"first","10":"instock","11":"shipping-taxable","12":"product-type-simple"},"yoast_head":"<!-- This site is optimized with the Yoast SEO plugin v25.3 - https:\/\/yoast.com\/wordpress\/plugins\/seo\/ -->\n<title>DOLAP ALTI \u015eARAPLIK,\u015e\u0130\u015eEL\u0130K VE BARDAKLIK 54x11x18cm - Bosphorus<\/title>\n<meta name=\"robots\" content=\"index, follow, max-snippet:-1, max-image-preview:large, max-video-preview:-1\" \/>\n<link rel=\"canonical\" href=\"https:\/\/www.bosphorusith.com\/wp\/en\/product\/dolap-alti-sarapliksiselik-ve-bardaklik-54x11x18cm\/\" \/>\n<meta property=\"og:locale\" content=\"en_US\" \/>\n<meta property=\"og:type\" content=\"article\" \/>\n<meta property=\"og:title\" content=\"DOLAP ALTI \u015eARAPLIK,\u015e\u0130\u015eEL\u0130K VE BARDAKLIK 54x11x18cm - Bosphorus\" \/>\n<meta property=\"og:description\" content=\"K\u00fc\u00e7\u00fck alanlar i\u00e7in m\u00fckemmel olan bu dolap alt\u0131 raf, tezgahta yer a\u00e7ar ve favori \u015faraplar\u0131 g\u00f6sterir.\u00a0Kurulumu kolay raf, alt\u0131 \u015fi\u015feye kadar tutar.Ah\u015faba sabitlemek i\u00e7in vidalarla birlikte gelir;54x11x18 cm ebatlar\u0131ndad\u0131r.\" \/>\n<meta property=\"og:url\" content=\"https:\/\/www.bosphorusith.com\/wp\/en\/product\/dolap-alti-sarapliksiselik-ve-bardaklik-54x11x18cm\/\" \/>\n<meta property=\"og:site_name\" content=\"Bosphorus\" \/>\n<meta property=\"og:image\" content=\"https:\/\/www.bosphorusith.com\/wp\/wp-content\/uploads\/2025\/09\/5014545683043-.MAIN_.jpg\" \/>\n\t<meta property=\"og:image:width\" content=\"2000\" \/>\n\t<meta property=\"og:image:height\" content=\"2000\" \/>\n\t<meta property=\"og:image:type\" content=\"image\/jpeg\" \/>\n<meta name=\"twitter:card\" content=\"summary_large_image\" \/>\n<meta name=\"twitter:label1\" content=\"Est. reading time\" \/>\n\t<meta name=\"twitter:data1\" content=\"1 minute\" \/>\n<script type=\"application\/ld+json\" class=\"yoast-schema-graph\">{\"@context\":\"https:\/\/schema.org\",\"@graph\":[{\"@type\":\"WebPage\",\"@id\":\"https:\/\/www.bosphorusith.com\/wp\/urun\/dolap-alti-sarapliksiselik-ve-bardaklik-54x11x18cm\/\",\"url\":\"https:\/\/www.bosphorusith.com\/wp\/urun\/dolap-alti-sarapliksiselik-ve-bardaklik-54x11x18cm\/\",\"name\":\"DOLAP ALTI \u015eARAPLIK,\u015e\u0130\u015eEL\u0130K VE BARDAKLIK 54x11x18cm - Bosphorus\",\"isPartOf\":{\"@id\":\"https:\/\/www.bosphorusith.com\/wp\/#website\"},\"primaryImageOfPage\":{\"@id\":\"https:\/\/www.bosphorusith.com\/wp\/urun\/dolap-alti-sarapliksiselik-ve-bardaklik-54x11x18cm\/#primaryimage\"},\"image\":{\"@id\":\"https:\/\/www.bosphorusith.com\/wp\/urun\/dolap-alti-sarapliksiselik-ve-bardaklik-54x11x18cm\/#primaryimage\"},\"thumbnailUrl\":\"https:\/\/www.bosphorusith.com\/wp\/wp-content\/uploads\/2025\/09\/5014545683043-.MAIN_.jpg\",\"datePublished\":\"2025-09-28T09:12:56+00:00\",\"breadcrumb\":{\"@id\":\"https:\/\/www.bosphorusith.com\/wp\/urun\/dolap-alti-sarapliksiselik-ve-bardaklik-54x11x18cm\/#breadcrumb\"},\"inLanguage\":\"en-US\",\"potentialAction\":[{\"@type\":\"ReadAction\",\"target\":[\"https:\/\/www.bosphorusith.com\/wp\/urun\/dolap-alti-sarapliksiselik-ve-bardaklik-54x11x18cm\/\"]}]},{\"@type\":\"ImageObject\",\"inLanguage\":\"en-US\",\"@id\":\"https:\/\/www.bosphorusith.com\/wp\/urun\/dolap-alti-sarapliksiselik-ve-bardaklik-54x11x18cm\/#primaryimage\",\"url\":\"https:\/\/www.bosphorusith.com\/wp\/wp-content\/uploads\/2025\/09\/5014545683043-.MAIN_.jpg\",\"contentUrl\":\"https:\/\/www.bosphorusith.com\/wp\/wp-content\/uploads\/2025\/09\/5014545683043-.MAIN_.jpg\",\"width\":2000,\"height\":2000},{\"@type\":\"BreadcrumbList\",\"@id\":\"https:\/\/www.bosphorusith.com\/wp\/urun\/dolap-alti-sarapliksiselik-ve-bardaklik-54x11x18cm\/#breadcrumb\",\"itemListElement\":[{\"@type\":\"ListItem\",\"position\":1,\"name\":\"Anasayfa\",\"item\":\"https:\/\/www.bosphorusith.com\/wp\/\"},{\"@type\":\"ListItem\",\"position\":2,\"name\":\"Katalog\",\"item\":\"https:\/\/www.bosphorusith.com\/wp\/urunlerimiz\/\"},{\"@type\":\"ListItem\",\"position\":3,\"name\":\"DOLAP ALTI \u015eARAPLIK,\u015e\u0130\u015eEL\u0130K VE BARDAKLIK 54x11x18cm\"}]},{\"@type\":\"WebSite\",\"@id\":\"https:\/\/www.bosphorusith.com\/wp\/#website\",\"url\":\"https:\/\/www.bosphorusith.com\/wp\/\",\"name\":\"Bosphorus\",\"description\":\"Ev Aksesuarlar\u0131\",\"publisher\":{\"@id\":\"https:\/\/www.bosphorusith.com\/wp\/#organization\"},\"potentialAction\":[{\"@type\":\"SearchAction\",\"target\":{\"@type\":\"EntryPoint\",\"urlTemplate\":\"https:\/\/www.bosphorusith.com\/wp\/?s={search_term_string}\"},\"query-input\":{\"@type\":\"PropertyValueSpecification\",\"valueRequired\":true,\"valueName\":\"search_term_string\"}}],\"inLanguage\":\"en-US\"},{\"@type\":\"Organization\",\"@id\":\"https:\/\/www.bosphorusith.com\/wp\/#organization\",\"name\":\"Bosphorus\",\"url\":\"https:\/\/www.bosphorusith.com\/wp\/\",\"logo\":{\"@type\":\"ImageObject\",\"inLanguage\":\"en-US\",\"@id\":\"https:\/\/www.bosphorusith.com\/wp\/#\/schema\/logo\/image\/\",\"url\":\"https:\/\/www.bosphorusith.com\/wp\/wp-content\/uploads\/2025\/05\/Adsiz-tasarim.png\",\"contentUrl\":\"https:\/\/www.bosphorusith.com\/wp\/wp-content\/uploads\/2025\/05\/Adsiz-tasarim.png\",\"width\":500,\"height\":500,\"caption\":\"Bosphorus\"},\"image\":{\"@id\":\"https:\/\/www.bosphorusith.com\/wp\/#\/schema\/logo\/image\/\"}}]}<\/script>\n<!-- \/ Yoast SEO plugin. -->","yoast_head_json":{"title":"DOLAP ALTI \u015eARAPLIK,\u015e\u0130\u015eEL\u0130K VE BARDAKLIK 54x11x18cm - Bosphorus","robots":{"index":"index","follow":"follow","max-snippet":"max-snippet:-1","max-image-preview":"max-image-preview:large","max-video-preview":"max-video-preview:-1"},"canonical":"https:\/\/www.bosphorusith.com\/wp\/en\/product\/dolap-alti-sarapliksiselik-ve-bardaklik-54x11x18cm\/","og_locale":"en_US","og_type":"article","og_title":"DOLAP ALTI \u015eARAPLIK,\u015e\u0130\u015eEL\u0130K VE BARDAKLIK 54x11x18cm - Bosphorus","og_description":"K\u00fc\u00e7\u00fck alanlar i\u00e7in m\u00fckemmel olan bu dolap alt\u0131 raf, tezgahta yer a\u00e7ar ve favori \u015faraplar\u0131 g\u00f6sterir.\u00a0Kurulumu kolay raf, alt\u0131 \u015fi\u015feye kadar tutar.Ah\u015faba sabitlemek i\u00e7in vidalarla birlikte gelir;54x11x18 cm ebatlar\u0131ndad\u0131r.","og_url":"https:\/\/www.bosphorusith.com\/wp\/en\/product\/dolap-alti-sarapliksiselik-ve-bardaklik-54x11x18cm\/","og_site_name":"Bosphorus","og_image":[{"width":2000,"height":2000,"url":"https:\/\/www.bosphorusith.com\/wp\/wp-content\/uploads\/2025\/09\/5014545683043-.MAIN_.jpg","type":"image\/jpeg"}],"twitter_card":"summary_large_image","twitter_misc":{"Est. reading time":"1 minute"},"schema":{"@context":"https:\/\/schema.org","@graph":[{"@type":"WebPage","@id":"https:\/\/www.bosphorusith.com\/wp\/urun\/dolap-alti-sarapliksiselik-ve-bardaklik-54x11x18cm\/","url":"https:\/\/www.bosphorusith.com\/wp\/urun\/dolap-alti-sarapliksiselik-ve-bardaklik-54x11x18cm\/","name":"DOLAP ALTI \u015eARAPLIK,\u015e\u0130\u015eEL\u0130K VE BARDAKLIK 54x11x18cm - Bosphorus","isPartOf":{"@id":"https:\/\/www.bosphorusith.com\/wp\/#website"},"primaryImageOfPage":{"@id":"https:\/\/www.bosphorusith.com\/wp\/urun\/dolap-alti-sarapliksiselik-ve-bardaklik-54x11x18cm\/#primaryimage"},"image":{"@id":"https:\/\/www.bosphorusith.com\/wp\/urun\/dolap-alti-sarapliksiselik-ve-bardaklik-54x11x18cm\/#primaryimage"},"thumbnailUrl":"https:\/\/www.bosphorusith.com\/wp\/wp-content\/uploads\/2025\/09\/5014545683043-.MAIN_.jpg","datePublished":"2025-09-28T09:12:56+00:00","breadcrumb":{"@id":"https:\/\/www.bosphorusith.com\/wp\/urun\/dolap-alti-sarapliksiselik-ve-bardaklik-54x11x18cm\/#breadcrumb"},"inLanguage":"en-US","potentialAction":[{"@type":"ReadAction","target":["https:\/\/www.bosphorusith.com\/wp\/urun\/dolap-alti-sarapliksiselik-ve-bardaklik-54x11x18cm\/"]}]},{"@type":"ImageObject","inLanguage":"en-US","@id":"https:\/\/www.bosphorusith.com\/wp\/urun\/dolap-alti-sarapliksiselik-ve-bardaklik-54x11x18cm\/#primaryimage","url":"https:\/\/www.bosphorusith.com\/wp\/wp-content\/uploads\/2025\/09\/5014545683043-.MAIN_.jpg","contentUrl":"https:\/\/www.bosphorusith.com\/wp\/wp-content\/uploads\/2025\/09\/5014545683043-.MAIN_.jpg","width":2000,"height":2000},{"@type":"BreadcrumbList","@id":"https:\/\/www.bosphorusith.com\/wp\/urun\/dolap-alti-sarapliksiselik-ve-bardaklik-54x11x18cm\/#breadcrumb","itemListElement":[{"@type":"ListItem","position":1,"name":"Anasayfa","item":"https:\/\/www.bosphorusith.com\/wp\/"},{"@type":"ListItem","position":2,"name":"Katalog","item":"https:\/\/www.bosphorusith.com\/wp\/urunlerimiz\/"},{"@type":"ListItem","position":3,"name":"DOLAP ALTI \u015eARAPLIK,\u015e\u0130\u015eEL\u0130K VE BARDAKLIK 54x11x18cm"}]},{"@type":"WebSite","@id":"https:\/\/www.bosphorusith.com\/wp\/#website","url":"https:\/\/www.bosphorusith.com\/wp\/","name":"Bosphorus","description":"Ev Aksesuarlar\u0131","publisher":{"@id":"https:\/\/www.bosphorusith.com\/wp\/#organization"},"potentialAction":[{"@type":"SearchAction","target":{"@type":"EntryPoint","urlTemplate":"https:\/\/www.bosphorusith.com\/wp\/?s={search_term_string}"},"query-input":{"@type":"PropertyValueSpecification","valueRequired":true,"valueName":"search_term_string"}}],"inLanguage":"en-US"},{"@type":"Organization","@id":"https:\/\/www.bosphorusith.com\/wp\/#organization","name":"Bosphorus","url":"https:\/\/www.bosphorusith.com\/wp\/","logo":{"@type":"ImageObject","inLanguage":"en-US","@id":"https:\/\/www.bosphorusith.com\/wp\/#\/schema\/logo\/image\/","url":"https:\/\/www.bosphorusith.com\/wp\/wp-content\/uploads\/2025\/05\/Adsiz-tasarim.png","contentUrl":"https:\/\/www.bosphorusith.com\/wp\/wp-content\/uploads\/2025\/05\/Adsiz-tasarim.png","width":500,"height":500,"caption":"Bosphorus"},"image":{"@id":"https:\/\/www.bosphorusith.com\/wp\/#\/schema\/logo\/image\/"}}]}},"_links":{"self":[{"href":"https:\/\/www.bosphorusith.com\/wp\/en\/wp-json\/wp\/v2\/product\/19438","targetHints":{"allow":["GET"]}}],"collection":[{"href":"https:\/\/www.bosphorusith.com\/wp\/en\/wp-json\/wp\/v2\/product"}],"about":[{"href":"https:\/\/www.bosphorusith.com\/wp\/en\/wp-json\/wp\/v2\/types\/product"}],"replies":[{"embeddable":true,"href":"https:\/\/www.bosphorusith.com\/wp\/en\/wp-json\/wp\/v2\/comments?post=19438"}],"version-history":[{"count":1,"href":"https:\/\/www.bosphorusith.com\/wp\/en\/wp-json\/wp\/v2\/product\/19438\/revisions"}],"predecessor-version":[{"id":19445,"href":"https:\/\/www.bosphorusith.com\/wp\/en\/wp-json\/wp\/v2\/product\/19438\/revisions\/19445"}],"wp:featuredmedia":[{"embeddable":true,"href":"https:\/\/www.bosphorusith.com\/wp\/en\/wp-json\/wp\/v2\/media\/19442"}],"wp:attachment":[{"href":"https:\/\/www.bosphorusith.com\/wp\/en\/wp-json\/wp\/v2\/media?parent=19438"}],"wp:term":[{"taxonomy":"product_brand","embeddable":true,"href":"https:\/\/www.bosphorusith.com\/wp\/en\/wp-json\/wp\/v2\/product_brand?post=19438"},{"taxonomy":"product_cat","embeddable":true,"href":"https:\/\/www.bosphorusith.com\/wp\/en\/wp-json\/wp\/v2\/product_cat?post=19438"},{"taxonomy":"product_tag","embeddable":true,"href":"https:\/\/www.bosphorusith.com\/wp\/en\/wp-json\/wp\/v2\/product_tag?post=19438"}],"curies":[{"name":"wp","href":"https:\/\/api.w.org\/{rel}","templated":true}]}}