{"id":19360,"date":"2025-09-28T11:49:08","date_gmt":"2025-09-28T08:49:08","guid":{"rendered":"https:\/\/www.bosphorusith.com\/wp\/?post_type=product&#038;p=19360"},"modified":"2025-09-28T11:49:08","modified_gmt":"2025-09-28T08:49:08","slug":"cekmece-ici-duzenleyici-2-adet-kutu-mor-30x15x7cm","status":"publish","type":"product","link":"https:\/\/www.bosphorusith.com\/wp\/en\/product\/cekmece-ici-duzenleyici-2-adet-kutu-mor-30x15x7cm\/","title":{"rendered":"\u00c7EKMECE \u0130\u00c7\u0130 D\u00dcZENLEY\u0130C\u0130 2 ADET KUTU MOR 30X15X7CM"},"content":{"rendered":"<table width=\"135\">\n<tbody>\n<tr>\n<td width=\"135\">\u00c7ekmece i\u00e7ine konabilen bu kutu \u00e7oraplar\u0131n\u0131z\u0131 veya kemer,m\u00fccevher gibi e\u015fyalar\u0131n\u0131z\u0131 d\u00fczenler.2 Adet pvc \u00fcr\u00fcnlerdir.Kolayca monte edilir.G\u00f6rseldeki aksesuarlar \u00fcr\u00fcne dahil de\u011fildir.<\/td>\n<\/tr>\n<\/tbody>\n<\/table>","protected":false},"excerpt":{"rendered":"<table width=\"81\">\n<tbody>\n<tr>\n<td width=\"81\">Kullan\u0131lmad\u0131\u011f\u0131 zamanlarda kolayca katlanabilen pvc malzemeli bir \u00fcr\u00fcnd\u00fcr.Mor renklidir ve 2 par\u00e7a d\u0131r.Dilerseniz iki kutuyu yanlar\u0131ndaki kitlerden birbirine takabilirsiniz.Her par\u00e7an\u0131n boyu 30,5cm,eni 15cm,y\u00fcksekli\u011fi 7cm,dir.<\/td>\n<\/tr>\n<\/tbody>\n<\/table>","protected":false},"featured_media":19365,"comment_status":"open","ping_status":"closed","template":"","meta":{"pagelayer_contact_templates":[],"_pagelayer_content":""},"product_brand":[92],"product_cat":[93],"product_tag":[],"class_list":{"0":"post-19360","1":"product","2":"type-product","3":"status-publish","4":"has-post-thumbnail","6":"product_brand-sia","7":"product_cat-dekorasyon","9":"first","10":"instock","11":"shipping-taxable","12":"product-type-simple"},"yoast_head":"<!-- This site is optimized with the Yoast SEO plugin v25.3 - https:\/\/yoast.com\/wordpress\/plugins\/seo\/ -->\n<title>\u00c7EKMECE \u0130\u00c7\u0130 D\u00dcZENLEY\u0130C\u0130 2 ADET KUTU MOR 30X15X7CM - Bosphorus<\/title>\n<meta name=\"robots\" content=\"index, follow, max-snippet:-1, max-image-preview:large, max-video-preview:-1\" \/>\n<link rel=\"canonical\" href=\"https:\/\/www.bosphorusith.com\/wp\/en\/product\/cekmece-ici-duzenleyici-2-adet-kutu-mor-30x15x7cm\/\" \/>\n<meta property=\"og:locale\" content=\"en_US\" \/>\n<meta property=\"og:type\" content=\"article\" \/>\n<meta property=\"og:title\" content=\"\u00c7EKMECE \u0130\u00c7\u0130 D\u00dcZENLEY\u0130C\u0130 2 ADET KUTU MOR 30X15X7CM - Bosphorus\" \/>\n<meta property=\"og:description\" content=\"Kullan\u0131lmad\u0131\u011f\u0131 zamanlarda kolayca katlanabilen pvc malzemeli bir \u00fcr\u00fcnd\u00fcr.Mor renklidir ve 2 par\u00e7a d\u0131r.Dilerseniz iki kutuyu yanlar\u0131ndaki kitlerden birbirine takabilirsiniz.Her par\u00e7an\u0131n boyu 30,5cm,eni 15cm,y\u00fcksekli\u011fi 7cm,dir.\" \/>\n<meta property=\"og:url\" content=\"https:\/\/www.bosphorusith.com\/wp\/en\/product\/cekmece-ici-duzenleyici-2-adet-kutu-mor-30x15x7cm\/\" \/>\n<meta property=\"og:site_name\" content=\"Bosphorus\" \/>\n<meta property=\"og:image\" content=\"https:\/\/www.bosphorusith.com\/wp\/wp-content\/uploads\/2025\/09\/1236540789290-.MAIN_-scaled.jpg\" \/>\n\t<meta property=\"og:image:width\" content=\"2560\" \/>\n\t<meta property=\"og:image:height\" content=\"2322\" \/>\n\t<meta property=\"og:image:type\" content=\"image\/jpeg\" \/>\n<meta name=\"twitter:card\" content=\"summary_large_image\" \/>\n<meta name=\"twitter:label1\" content=\"Est. reading time\" \/>\n\t<meta name=\"twitter:data1\" content=\"1 minute\" \/>\n<script type=\"application\/ld+json\" class=\"yoast-schema-graph\">{\"@context\":\"https:\/\/schema.org\",\"@graph\":[{\"@type\":\"WebPage\",\"@id\":\"https:\/\/www.bosphorusith.com\/wp\/urun\/cekmece-ici-duzenleyici-2-adet-kutu-mor-30x15x7cm\/\",\"url\":\"https:\/\/www.bosphorusith.com\/wp\/urun\/cekmece-ici-duzenleyici-2-adet-kutu-mor-30x15x7cm\/\",\"name\":\"\u00c7EKMECE \u0130\u00c7\u0130 D\u00dcZENLEY\u0130C\u0130 2 ADET KUTU MOR 30X15X7CM - Bosphorus\",\"isPartOf\":{\"@id\":\"https:\/\/www.bosphorusith.com\/wp\/#website\"},\"primaryImageOfPage\":{\"@id\":\"https:\/\/www.bosphorusith.com\/wp\/urun\/cekmece-ici-duzenleyici-2-adet-kutu-mor-30x15x7cm\/#primaryimage\"},\"image\":{\"@id\":\"https:\/\/www.bosphorusith.com\/wp\/urun\/cekmece-ici-duzenleyici-2-adet-kutu-mor-30x15x7cm\/#primaryimage\"},\"thumbnailUrl\":\"https:\/\/www.bosphorusith.com\/wp\/wp-content\/uploads\/2025\/09\/1236540789290-.MAIN_-scaled.jpg\",\"datePublished\":\"2025-09-28T08:49:08+00:00\",\"breadcrumb\":{\"@id\":\"https:\/\/www.bosphorusith.com\/wp\/urun\/cekmece-ici-duzenleyici-2-adet-kutu-mor-30x15x7cm\/#breadcrumb\"},\"inLanguage\":\"en-US\",\"potentialAction\":[{\"@type\":\"ReadAction\",\"target\":[\"https:\/\/www.bosphorusith.com\/wp\/urun\/cekmece-ici-duzenleyici-2-adet-kutu-mor-30x15x7cm\/\"]}]},{\"@type\":\"ImageObject\",\"inLanguage\":\"en-US\",\"@id\":\"https:\/\/www.bosphorusith.com\/wp\/urun\/cekmece-ici-duzenleyici-2-adet-kutu-mor-30x15x7cm\/#primaryimage\",\"url\":\"https:\/\/www.bosphorusith.com\/wp\/wp-content\/uploads\/2025\/09\/1236540789290-.MAIN_-scaled.jpg\",\"contentUrl\":\"https:\/\/www.bosphorusith.com\/wp\/wp-content\/uploads\/2025\/09\/1236540789290-.MAIN_-scaled.jpg\",\"width\":2560,\"height\":2322},{\"@type\":\"BreadcrumbList\",\"@id\":\"https:\/\/www.bosphorusith.com\/wp\/urun\/cekmece-ici-duzenleyici-2-adet-kutu-mor-30x15x7cm\/#breadcrumb\",\"itemListElement\":[{\"@type\":\"ListItem\",\"position\":1,\"name\":\"Anasayfa\",\"item\":\"https:\/\/www.bosphorusith.com\/wp\/\"},{\"@type\":\"ListItem\",\"position\":2,\"name\":\"Katalog\",\"item\":\"https:\/\/www.bosphorusith.com\/wp\/urunlerimiz\/\"},{\"@type\":\"ListItem\",\"position\":3,\"name\":\"\u00c7EKMECE \u0130\u00c7\u0130 D\u00dcZENLEY\u0130C\u0130 2 ADET KUTU MOR 30X15X7CM\"}]},{\"@type\":\"WebSite\",\"@id\":\"https:\/\/www.bosphorusith.com\/wp\/#website\",\"url\":\"https:\/\/www.bosphorusith.com\/wp\/\",\"name\":\"Bosphorus\",\"description\":\"Ev Aksesuarlar\u0131\",\"publisher\":{\"@id\":\"https:\/\/www.bosphorusith.com\/wp\/#organization\"},\"potentialAction\":[{\"@type\":\"SearchAction\",\"target\":{\"@type\":\"EntryPoint\",\"urlTemplate\":\"https:\/\/www.bosphorusith.com\/wp\/?s={search_term_string}\"},\"query-input\":{\"@type\":\"PropertyValueSpecification\",\"valueRequired\":true,\"valueName\":\"search_term_string\"}}],\"inLanguage\":\"en-US\"},{\"@type\":\"Organization\",\"@id\":\"https:\/\/www.bosphorusith.com\/wp\/#organization\",\"name\":\"Bosphorus\",\"url\":\"https:\/\/www.bosphorusith.com\/wp\/\",\"logo\":{\"@type\":\"ImageObject\",\"inLanguage\":\"en-US\",\"@id\":\"https:\/\/www.bosphorusith.com\/wp\/#\/schema\/logo\/image\/\",\"url\":\"https:\/\/www.bosphorusith.com\/wp\/wp-content\/uploads\/2025\/05\/Adsiz-tasarim.png\",\"contentUrl\":\"https:\/\/www.bosphorusith.com\/wp\/wp-content\/uploads\/2025\/05\/Adsiz-tasarim.png\",\"width\":500,\"height\":500,\"caption\":\"Bosphorus\"},\"image\":{\"@id\":\"https:\/\/www.bosphorusith.com\/wp\/#\/schema\/logo\/image\/\"}}]}<\/script>\n<!-- \/ Yoast SEO plugin. -->","yoast_head_json":{"title":"\u00c7EKMECE \u0130\u00c7\u0130 D\u00dcZENLEY\u0130C\u0130 2 ADET KUTU MOR 30X15X7CM - Bosphorus","robots":{"index":"index","follow":"follow","max-snippet":"max-snippet:-1","max-image-preview":"max-image-preview:large","max-video-preview":"max-video-preview:-1"},"canonical":"https:\/\/www.bosphorusith.com\/wp\/en\/product\/cekmece-ici-duzenleyici-2-adet-kutu-mor-30x15x7cm\/","og_locale":"en_US","og_type":"article","og_title":"\u00c7EKMECE \u0130\u00c7\u0130 D\u00dcZENLEY\u0130C\u0130 2 ADET KUTU MOR 30X15X7CM - Bosphorus","og_description":"Kullan\u0131lmad\u0131\u011f\u0131 zamanlarda kolayca katlanabilen pvc malzemeli bir \u00fcr\u00fcnd\u00fcr.Mor renklidir ve 2 par\u00e7a d\u0131r.Dilerseniz iki kutuyu yanlar\u0131ndaki kitlerden birbirine takabilirsiniz.Her par\u00e7an\u0131n boyu 30,5cm,eni 15cm,y\u00fcksekli\u011fi 7cm,dir.","og_url":"https:\/\/www.bosphorusith.com\/wp\/en\/product\/cekmece-ici-duzenleyici-2-adet-kutu-mor-30x15x7cm\/","og_site_name":"Bosphorus","og_image":[{"width":2560,"height":2322,"url":"https:\/\/www.bosphorusith.com\/wp\/wp-content\/uploads\/2025\/09\/1236540789290-.MAIN_-scaled.jpg","type":"image\/jpeg"}],"twitter_card":"summary_large_image","twitter_misc":{"Est. reading time":"1 minute"},"schema":{"@context":"https:\/\/schema.org","@graph":[{"@type":"WebPage","@id":"https:\/\/www.bosphorusith.com\/wp\/urun\/cekmece-ici-duzenleyici-2-adet-kutu-mor-30x15x7cm\/","url":"https:\/\/www.bosphorusith.com\/wp\/urun\/cekmece-ici-duzenleyici-2-adet-kutu-mor-30x15x7cm\/","name":"\u00c7EKMECE \u0130\u00c7\u0130 D\u00dcZENLEY\u0130C\u0130 2 ADET KUTU MOR 30X15X7CM - Bosphorus","isPartOf":{"@id":"https:\/\/www.bosphorusith.com\/wp\/#website"},"primaryImageOfPage":{"@id":"https:\/\/www.bosphorusith.com\/wp\/urun\/cekmece-ici-duzenleyici-2-adet-kutu-mor-30x15x7cm\/#primaryimage"},"image":{"@id":"https:\/\/www.bosphorusith.com\/wp\/urun\/cekmece-ici-duzenleyici-2-adet-kutu-mor-30x15x7cm\/#primaryimage"},"thumbnailUrl":"https:\/\/www.bosphorusith.com\/wp\/wp-content\/uploads\/2025\/09\/1236540789290-.MAIN_-scaled.jpg","datePublished":"2025-09-28T08:49:08+00:00","breadcrumb":{"@id":"https:\/\/www.bosphorusith.com\/wp\/urun\/cekmece-ici-duzenleyici-2-adet-kutu-mor-30x15x7cm\/#breadcrumb"},"inLanguage":"en-US","potentialAction":[{"@type":"ReadAction","target":["https:\/\/www.bosphorusith.com\/wp\/urun\/cekmece-ici-duzenleyici-2-adet-kutu-mor-30x15x7cm\/"]}]},{"@type":"ImageObject","inLanguage":"en-US","@id":"https:\/\/www.bosphorusith.com\/wp\/urun\/cekmece-ici-duzenleyici-2-adet-kutu-mor-30x15x7cm\/#primaryimage","url":"https:\/\/www.bosphorusith.com\/wp\/wp-content\/uploads\/2025\/09\/1236540789290-.MAIN_-scaled.jpg","contentUrl":"https:\/\/www.bosphorusith.com\/wp\/wp-content\/uploads\/2025\/09\/1236540789290-.MAIN_-scaled.jpg","width":2560,"height":2322},{"@type":"BreadcrumbList","@id":"https:\/\/www.bosphorusith.com\/wp\/urun\/cekmece-ici-duzenleyici-2-adet-kutu-mor-30x15x7cm\/#breadcrumb","itemListElement":[{"@type":"ListItem","position":1,"name":"Anasayfa","item":"https:\/\/www.bosphorusith.com\/wp\/"},{"@type":"ListItem","position":2,"name":"Katalog","item":"https:\/\/www.bosphorusith.com\/wp\/urunlerimiz\/"},{"@type":"ListItem","position":3,"name":"\u00c7EKMECE \u0130\u00c7\u0130 D\u00dcZENLEY\u0130C\u0130 2 ADET KUTU MOR 30X15X7CM"}]},{"@type":"WebSite","@id":"https:\/\/www.bosphorusith.com\/wp\/#website","url":"https:\/\/www.bosphorusith.com\/wp\/","name":"Bosphorus","description":"Ev Aksesuarlar\u0131","publisher":{"@id":"https:\/\/www.bosphorusith.com\/wp\/#organization"},"potentialAction":[{"@type":"SearchAction","target":{"@type":"EntryPoint","urlTemplate":"https:\/\/www.bosphorusith.com\/wp\/?s={search_term_string}"},"query-input":{"@type":"PropertyValueSpecification","valueRequired":true,"valueName":"search_term_string"}}],"inLanguage":"en-US"},{"@type":"Organization","@id":"https:\/\/www.bosphorusith.com\/wp\/#organization","name":"Bosphorus","url":"https:\/\/www.bosphorusith.com\/wp\/","logo":{"@type":"ImageObject","inLanguage":"en-US","@id":"https:\/\/www.bosphorusith.com\/wp\/#\/schema\/logo\/image\/","url":"https:\/\/www.bosphorusith.com\/wp\/wp-content\/uploads\/2025\/05\/Adsiz-tasarim.png","contentUrl":"https:\/\/www.bosphorusith.com\/wp\/wp-content\/uploads\/2025\/05\/Adsiz-tasarim.png","width":500,"height":500,"caption":"Bosphorus"},"image":{"@id":"https:\/\/www.bosphorusith.com\/wp\/#\/schema\/logo\/image\/"}}]}},"_links":{"self":[{"href":"https:\/\/www.bosphorusith.com\/wp\/en\/wp-json\/wp\/v2\/product\/19360","targetHints":{"allow":["GET"]}}],"collection":[{"href":"https:\/\/www.bosphorusith.com\/wp\/en\/wp-json\/wp\/v2\/product"}],"about":[{"href":"https:\/\/www.bosphorusith.com\/wp\/en\/wp-json\/wp\/v2\/types\/product"}],"replies":[{"embeddable":true,"href":"https:\/\/www.bosphorusith.com\/wp\/en\/wp-json\/wp\/v2\/comments?post=19360"}],"version-history":[{"count":1,"href":"https:\/\/www.bosphorusith.com\/wp\/en\/wp-json\/wp\/v2\/product\/19360\/revisions"}],"predecessor-version":[{"id":19367,"href":"https:\/\/www.bosphorusith.com\/wp\/en\/wp-json\/wp\/v2\/product\/19360\/revisions\/19367"}],"wp:featuredmedia":[{"embeddable":true,"href":"https:\/\/www.bosphorusith.com\/wp\/en\/wp-json\/wp\/v2\/media\/19365"}],"wp:attachment":[{"href":"https:\/\/www.bosphorusith.com\/wp\/en\/wp-json\/wp\/v2\/media?parent=19360"}],"wp:term":[{"taxonomy":"product_brand","embeddable":true,"href":"https:\/\/www.bosphorusith.com\/wp\/en\/wp-json\/wp\/v2\/product_brand?post=19360"},{"taxonomy":"product_cat","embeddable":true,"href":"https:\/\/www.bosphorusith.com\/wp\/en\/wp-json\/wp\/v2\/product_cat?post=19360"},{"taxonomy":"product_tag","embeddable":true,"href":"https:\/\/www.bosphorusith.com\/wp\/en\/wp-json\/wp\/v2\/product_tag?post=19360"}],"curies":[{"name":"wp","href":"https:\/\/api.w.org\/{rel}","templated":true}]}}