{"id":19259,"date":"2025-09-27T13:29:56","date_gmt":"2025-09-27T10:29:56","guid":{"rendered":"https:\/\/www.bosphorusith.com\/wp\/?post_type=product&#038;p=19259"},"modified":"2025-09-27T13:29:56","modified_gmt":"2025-09-27T10:29:56","slug":"bambu-kapakli-camasir-sepeti-el-yapiminatural-35x35x60cm","status":"publish","type":"product","link":"https:\/\/www.bosphorusith.com\/wp\/en\/product\/bambu-kapakli-camasir-sepeti-el-yapiminatural-35x35x60cm\/","title":{"rendered":"BAMBU KAPAKLI \u00c7AMA\u015eIR SEPET\u0130 EL YAPIMI,NATURAL 35x35x60cm"},"content":{"rendered":"<table width=\"135\">\n<tbody>\n<tr>\n<td width=\"135\">Banyoda \u00e7ama\u015f\u0131rlar\u0131n\u0131z\u0131 ya da evinizde her t\u00fcrl\u00fc malzemelerinizi koyabilece\u011finiz \u00e7ok ama\u00e7l\u0131 sepettir.Di\u011fer has\u0131r sepetlere g\u00f6re \u00e7ok sa\u011flamd\u0131r.Dilerseniz i\u00e7indeki kuma\u015f\u0131 y\u0131kamak i\u00e7in \u00e7\u0131kartabilirsiniz.<\/td>\n<\/tr>\n<\/tbody>\n<\/table>","protected":false},"excerpt":{"rendered":"<table width=\"81\">\n<tbody>\n<tr>\n<td width=\"81\">\u0130\u00e7i kuma\u015f kapl\u0131 olup has\u0131r oldugundan rutubet yapmaz.El yap\u0131m\u0131d\u0131r.Kapakl\u0131 ve kulplu bir \u00fcr\u00fcnd\u00fcr.Natural renklidir.Boyu 35cm,eni 35cm,y\u00fcksekli\u011fi 60cm dir.<\/td>\n<\/tr>\n<\/tbody>\n<\/table>","protected":false},"featured_media":19265,"comment_status":"open","ping_status":"closed","template":"","meta":{"pagelayer_contact_templates":[],"_pagelayer_content":""},"product_brand":[92],"product_cat":[81],"product_tag":[],"class_list":{"0":"post-19259","1":"product","2":"type-product","3":"status-publish","4":"has-post-thumbnail","6":"product_brand-sia","7":"product_cat-evgerecleriaksesuar","9":"first","10":"instock","11":"shipping-taxable","12":"product-type-simple"},"yoast_head":"<!-- This site is optimized with the Yoast SEO plugin v25.3 - https:\/\/yoast.com\/wordpress\/plugins\/seo\/ -->\n<title>BAMBU KAPAKLI \u00c7AMA\u015eIR SEPET\u0130 EL YAPIMI,NATURAL 35x35x60cm - Bosphorus<\/title>\n<meta name=\"robots\" content=\"index, follow, max-snippet:-1, max-image-preview:large, max-video-preview:-1\" \/>\n<link rel=\"canonical\" href=\"https:\/\/www.bosphorusith.com\/wp\/en\/product\/bambu-kapakli-camasir-sepeti-el-yapiminatural-35x35x60cm\/\" \/>\n<meta property=\"og:locale\" content=\"en_US\" \/>\n<meta property=\"og:type\" content=\"article\" \/>\n<meta property=\"og:title\" content=\"BAMBU KAPAKLI \u00c7AMA\u015eIR SEPET\u0130 EL YAPIMI,NATURAL 35x35x60cm - Bosphorus\" \/>\n<meta property=\"og:description\" content=\"\u0130\u00e7i kuma\u015f kapl\u0131 olup has\u0131r oldugundan rutubet yapmaz.El yap\u0131m\u0131d\u0131r.Kapakl\u0131 ve kulplu bir \u00fcr\u00fcnd\u00fcr.Natural renklidir.Boyu 35cm,eni 35cm,y\u00fcksekli\u011fi 60cm dir.\" \/>\n<meta property=\"og:url\" content=\"https:\/\/www.bosphorusith.com\/wp\/en\/product\/bambu-kapakli-camasir-sepeti-el-yapiminatural-35x35x60cm\/\" \/>\n<meta property=\"og:site_name\" content=\"Bosphorus\" \/>\n<meta property=\"og:image\" content=\"https:\/\/www.bosphorusith.com\/wp\/wp-content\/uploads\/2025\/09\/5702331201587-.PT01.jpg\" \/>\n\t<meta property=\"og:image:width\" content=\"2000\" \/>\n\t<meta property=\"og:image:height\" content=\"2000\" \/>\n\t<meta property=\"og:image:type\" content=\"image\/jpeg\" \/>\n<meta name=\"twitter:card\" content=\"summary_large_image\" \/>\n<meta name=\"twitter:label1\" content=\"Est. reading time\" \/>\n\t<meta name=\"twitter:data1\" content=\"1 minute\" \/>\n<script type=\"application\/ld+json\" class=\"yoast-schema-graph\">{\"@context\":\"https:\/\/schema.org\",\"@graph\":[{\"@type\":\"WebPage\",\"@id\":\"https:\/\/www.bosphorusith.com\/wp\/urun\/bambu-kapakli-camasir-sepeti-el-yapiminatural-35x35x60cm\/\",\"url\":\"https:\/\/www.bosphorusith.com\/wp\/urun\/bambu-kapakli-camasir-sepeti-el-yapiminatural-35x35x60cm\/\",\"name\":\"BAMBU KAPAKLI \u00c7AMA\u015eIR SEPET\u0130 EL YAPIMI,NATURAL 35x35x60cm - Bosphorus\",\"isPartOf\":{\"@id\":\"https:\/\/www.bosphorusith.com\/wp\/#website\"},\"primaryImageOfPage\":{\"@id\":\"https:\/\/www.bosphorusith.com\/wp\/urun\/bambu-kapakli-camasir-sepeti-el-yapiminatural-35x35x60cm\/#primaryimage\"},\"image\":{\"@id\":\"https:\/\/www.bosphorusith.com\/wp\/urun\/bambu-kapakli-camasir-sepeti-el-yapiminatural-35x35x60cm\/#primaryimage\"},\"thumbnailUrl\":\"https:\/\/www.bosphorusith.com\/wp\/wp-content\/uploads\/2025\/09\/5702331201587-.PT01.jpg\",\"datePublished\":\"2025-09-27T10:29:56+00:00\",\"breadcrumb\":{\"@id\":\"https:\/\/www.bosphorusith.com\/wp\/urun\/bambu-kapakli-camasir-sepeti-el-yapiminatural-35x35x60cm\/#breadcrumb\"},\"inLanguage\":\"en-US\",\"potentialAction\":[{\"@type\":\"ReadAction\",\"target\":[\"https:\/\/www.bosphorusith.com\/wp\/urun\/bambu-kapakli-camasir-sepeti-el-yapiminatural-35x35x60cm\/\"]}]},{\"@type\":\"ImageObject\",\"inLanguage\":\"en-US\",\"@id\":\"https:\/\/www.bosphorusith.com\/wp\/urun\/bambu-kapakli-camasir-sepeti-el-yapiminatural-35x35x60cm\/#primaryimage\",\"url\":\"https:\/\/www.bosphorusith.com\/wp\/wp-content\/uploads\/2025\/09\/5702331201587-.PT01.jpg\",\"contentUrl\":\"https:\/\/www.bosphorusith.com\/wp\/wp-content\/uploads\/2025\/09\/5702331201587-.PT01.jpg\",\"width\":2000,\"height\":2000},{\"@type\":\"BreadcrumbList\",\"@id\":\"https:\/\/www.bosphorusith.com\/wp\/urun\/bambu-kapakli-camasir-sepeti-el-yapiminatural-35x35x60cm\/#breadcrumb\",\"itemListElement\":[{\"@type\":\"ListItem\",\"position\":1,\"name\":\"Anasayfa\",\"item\":\"https:\/\/www.bosphorusith.com\/wp\/\"},{\"@type\":\"ListItem\",\"position\":2,\"name\":\"Katalog\",\"item\":\"https:\/\/www.bosphorusith.com\/wp\/urunlerimiz\/\"},{\"@type\":\"ListItem\",\"position\":3,\"name\":\"BAMBU KAPAKLI \u00c7AMA\u015eIR SEPET\u0130 EL YAPIMI,NATURAL 35x35x60cm\"}]},{\"@type\":\"WebSite\",\"@id\":\"https:\/\/www.bosphorusith.com\/wp\/#website\",\"url\":\"https:\/\/www.bosphorusith.com\/wp\/\",\"name\":\"Bosphorus\",\"description\":\"Ev Aksesuarlar\u0131\",\"publisher\":{\"@id\":\"https:\/\/www.bosphorusith.com\/wp\/#organization\"},\"potentialAction\":[{\"@type\":\"SearchAction\",\"target\":{\"@type\":\"EntryPoint\",\"urlTemplate\":\"https:\/\/www.bosphorusith.com\/wp\/?s={search_term_string}\"},\"query-input\":{\"@type\":\"PropertyValueSpecification\",\"valueRequired\":true,\"valueName\":\"search_term_string\"}}],\"inLanguage\":\"en-US\"},{\"@type\":\"Organization\",\"@id\":\"https:\/\/www.bosphorusith.com\/wp\/#organization\",\"name\":\"Bosphorus\",\"url\":\"https:\/\/www.bosphorusith.com\/wp\/\",\"logo\":{\"@type\":\"ImageObject\",\"inLanguage\":\"en-US\",\"@id\":\"https:\/\/www.bosphorusith.com\/wp\/#\/schema\/logo\/image\/\",\"url\":\"https:\/\/www.bosphorusith.com\/wp\/wp-content\/uploads\/2025\/05\/Adsiz-tasarim.png\",\"contentUrl\":\"https:\/\/www.bosphorusith.com\/wp\/wp-content\/uploads\/2025\/05\/Adsiz-tasarim.png\",\"width\":500,\"height\":500,\"caption\":\"Bosphorus\"},\"image\":{\"@id\":\"https:\/\/www.bosphorusith.com\/wp\/#\/schema\/logo\/image\/\"}}]}<\/script>\n<!-- \/ Yoast SEO plugin. -->","yoast_head_json":{"title":"BAMBU KAPAKLI \u00c7AMA\u015eIR SEPET\u0130 EL YAPIMI,NATURAL 35x35x60cm - Bosphorus","robots":{"index":"index","follow":"follow","max-snippet":"max-snippet:-1","max-image-preview":"max-image-preview:large","max-video-preview":"max-video-preview:-1"},"canonical":"https:\/\/www.bosphorusith.com\/wp\/en\/product\/bambu-kapakli-camasir-sepeti-el-yapiminatural-35x35x60cm\/","og_locale":"en_US","og_type":"article","og_title":"BAMBU KAPAKLI \u00c7AMA\u015eIR SEPET\u0130 EL YAPIMI,NATURAL 35x35x60cm - Bosphorus","og_description":"\u0130\u00e7i kuma\u015f kapl\u0131 olup has\u0131r oldugundan rutubet yapmaz.El yap\u0131m\u0131d\u0131r.Kapakl\u0131 ve kulplu bir \u00fcr\u00fcnd\u00fcr.Natural renklidir.Boyu 35cm,eni 35cm,y\u00fcksekli\u011fi 60cm dir.","og_url":"https:\/\/www.bosphorusith.com\/wp\/en\/product\/bambu-kapakli-camasir-sepeti-el-yapiminatural-35x35x60cm\/","og_site_name":"Bosphorus","og_image":[{"width":2000,"height":2000,"url":"https:\/\/www.bosphorusith.com\/wp\/wp-content\/uploads\/2025\/09\/5702331201587-.PT01.jpg","type":"image\/jpeg"}],"twitter_card":"summary_large_image","twitter_misc":{"Est. reading time":"1 minute"},"schema":{"@context":"https:\/\/schema.org","@graph":[{"@type":"WebPage","@id":"https:\/\/www.bosphorusith.com\/wp\/urun\/bambu-kapakli-camasir-sepeti-el-yapiminatural-35x35x60cm\/","url":"https:\/\/www.bosphorusith.com\/wp\/urun\/bambu-kapakli-camasir-sepeti-el-yapiminatural-35x35x60cm\/","name":"BAMBU KAPAKLI \u00c7AMA\u015eIR SEPET\u0130 EL YAPIMI,NATURAL 35x35x60cm - Bosphorus","isPartOf":{"@id":"https:\/\/www.bosphorusith.com\/wp\/#website"},"primaryImageOfPage":{"@id":"https:\/\/www.bosphorusith.com\/wp\/urun\/bambu-kapakli-camasir-sepeti-el-yapiminatural-35x35x60cm\/#primaryimage"},"image":{"@id":"https:\/\/www.bosphorusith.com\/wp\/urun\/bambu-kapakli-camasir-sepeti-el-yapiminatural-35x35x60cm\/#primaryimage"},"thumbnailUrl":"https:\/\/www.bosphorusith.com\/wp\/wp-content\/uploads\/2025\/09\/5702331201587-.PT01.jpg","datePublished":"2025-09-27T10:29:56+00:00","breadcrumb":{"@id":"https:\/\/www.bosphorusith.com\/wp\/urun\/bambu-kapakli-camasir-sepeti-el-yapiminatural-35x35x60cm\/#breadcrumb"},"inLanguage":"en-US","potentialAction":[{"@type":"ReadAction","target":["https:\/\/www.bosphorusith.com\/wp\/urun\/bambu-kapakli-camasir-sepeti-el-yapiminatural-35x35x60cm\/"]}]},{"@type":"ImageObject","inLanguage":"en-US","@id":"https:\/\/www.bosphorusith.com\/wp\/urun\/bambu-kapakli-camasir-sepeti-el-yapiminatural-35x35x60cm\/#primaryimage","url":"https:\/\/www.bosphorusith.com\/wp\/wp-content\/uploads\/2025\/09\/5702331201587-.PT01.jpg","contentUrl":"https:\/\/www.bosphorusith.com\/wp\/wp-content\/uploads\/2025\/09\/5702331201587-.PT01.jpg","width":2000,"height":2000},{"@type":"BreadcrumbList","@id":"https:\/\/www.bosphorusith.com\/wp\/urun\/bambu-kapakli-camasir-sepeti-el-yapiminatural-35x35x60cm\/#breadcrumb","itemListElement":[{"@type":"ListItem","position":1,"name":"Anasayfa","item":"https:\/\/www.bosphorusith.com\/wp\/"},{"@type":"ListItem","position":2,"name":"Katalog","item":"https:\/\/www.bosphorusith.com\/wp\/urunlerimiz\/"},{"@type":"ListItem","position":3,"name":"BAMBU KAPAKLI \u00c7AMA\u015eIR SEPET\u0130 EL YAPIMI,NATURAL 35x35x60cm"}]},{"@type":"WebSite","@id":"https:\/\/www.bosphorusith.com\/wp\/#website","url":"https:\/\/www.bosphorusith.com\/wp\/","name":"Bosphorus","description":"Ev Aksesuarlar\u0131","publisher":{"@id":"https:\/\/www.bosphorusith.com\/wp\/#organization"},"potentialAction":[{"@type":"SearchAction","target":{"@type":"EntryPoint","urlTemplate":"https:\/\/www.bosphorusith.com\/wp\/?s={search_term_string}"},"query-input":{"@type":"PropertyValueSpecification","valueRequired":true,"valueName":"search_term_string"}}],"inLanguage":"en-US"},{"@type":"Organization","@id":"https:\/\/www.bosphorusith.com\/wp\/#organization","name":"Bosphorus","url":"https:\/\/www.bosphorusith.com\/wp\/","logo":{"@type":"ImageObject","inLanguage":"en-US","@id":"https:\/\/www.bosphorusith.com\/wp\/#\/schema\/logo\/image\/","url":"https:\/\/www.bosphorusith.com\/wp\/wp-content\/uploads\/2025\/05\/Adsiz-tasarim.png","contentUrl":"https:\/\/www.bosphorusith.com\/wp\/wp-content\/uploads\/2025\/05\/Adsiz-tasarim.png","width":500,"height":500,"caption":"Bosphorus"},"image":{"@id":"https:\/\/www.bosphorusith.com\/wp\/#\/schema\/logo\/image\/"}}]}},"_links":{"self":[{"href":"https:\/\/www.bosphorusith.com\/wp\/en\/wp-json\/wp\/v2\/product\/19259","targetHints":{"allow":["GET"]}}],"collection":[{"href":"https:\/\/www.bosphorusith.com\/wp\/en\/wp-json\/wp\/v2\/product"}],"about":[{"href":"https:\/\/www.bosphorusith.com\/wp\/en\/wp-json\/wp\/v2\/types\/product"}],"replies":[{"embeddable":true,"href":"https:\/\/www.bosphorusith.com\/wp\/en\/wp-json\/wp\/v2\/comments?post=19259"}],"version-history":[{"count":1,"href":"https:\/\/www.bosphorusith.com\/wp\/en\/wp-json\/wp\/v2\/product\/19259\/revisions"}],"predecessor-version":[{"id":19270,"href":"https:\/\/www.bosphorusith.com\/wp\/en\/wp-json\/wp\/v2\/product\/19259\/revisions\/19270"}],"wp:featuredmedia":[{"embeddable":true,"href":"https:\/\/www.bosphorusith.com\/wp\/en\/wp-json\/wp\/v2\/media\/19265"}],"wp:attachment":[{"href":"https:\/\/www.bosphorusith.com\/wp\/en\/wp-json\/wp\/v2\/media?parent=19259"}],"wp:term":[{"taxonomy":"product_brand","embeddable":true,"href":"https:\/\/www.bosphorusith.com\/wp\/en\/wp-json\/wp\/v2\/product_brand?post=19259"},{"taxonomy":"product_cat","embeddable":true,"href":"https:\/\/www.bosphorusith.com\/wp\/en\/wp-json\/wp\/v2\/product_cat?post=19259"},{"taxonomy":"product_tag","embeddable":true,"href":"https:\/\/www.bosphorusith.com\/wp\/en\/wp-json\/wp\/v2\/product_tag?post=19259"}],"curies":[{"name":"wp","href":"https:\/\/api.w.org\/{rel}","templated":true}]}}