{"id":18020,"date":"2025-09-21T19:07:34","date_gmt":"2025-09-21T16:07:34","guid":{"rendered":"https:\/\/www.bosphorusith.com\/wp\/?post_type=product&#038;p=18020"},"modified":"2025-09-21T19:07:35","modified_gmt":"2025-09-21T16:07:35","slug":"sicak-su-torbasi-pelus-kalplikoyu-pembe-termofor-27x17x2cm-1-litre","status":"publish","type":"product","link":"https:\/\/www.bosphorusith.com\/wp\/en\/product\/sicak-su-torbasi-pelus-kalplikoyu-pembe-termofor-27x17x2cm-1-litre\/","title":{"rendered":"SICAK SU TORBASI PELU\u015e KALPL\u0130,KOYU PEMBE TERMOFOR 27X17X2CM 1 L\u0130TRE"},"content":{"rendered":"<table width=\"94\">\n<tbody>\n<tr>\n<td width=\"94\">S\u0131cak su torbas\u0131n\u0131 maksimum\u00a0 % 75 oran\u0131nda s\u0131cak su ile doldurunuz.Torbay\u0131 ya\u011fl\u0131 ve benzin olan yerlerde b\u0131rakmay\u0131n\u0131z.Termofor,kokusuz bir \u00fcr\u00fcnd\u00fcr.Contal\u0131 sert kapanan t\u0131pas\u0131 sayesinde su s\u0131zd\u0131rmas\u0131 yapmaz.<\/td>\n<\/tr>\n<\/tbody>\n<\/table>","protected":false},"excerpt":{"rendered":"<table width=\"81\">\n<tbody>\n<tr>\n<td width=\"81\">\u0130\u00e7inde kau\u00e7uktan yap\u0131lm\u0131\u015f s\u0131cak su torbas\u0131d\u0131r,d\u0131\u015f\u0131 daha s\u0131cak tutmas\u0131 i\u00e7in pelu\u015f y\u00fcnl\u00fc bir k\u0131lfla kapl\u0131d\u0131r.Pembe renklidir.Bir litre kadar su al\u0131r.Boyu 27cm,eni 17cm,dir.<\/td>\n<\/tr>\n<\/tbody>\n<\/table>","protected":false},"featured_media":18023,"comment_status":"open","ping_status":"closed","template":"","meta":{"pagelayer_contact_templates":[],"_pagelayer_content":""},"product_brand":[92],"product_cat":[79],"product_tag":[],"class_list":{"0":"post-18020","1":"product","2":"type-product","3":"status-publish","4":"has-post-thumbnail","6":"product_brand-sia","7":"product_cat-sicaksuelisiticisi","9":"first","10":"instock","11":"shipping-taxable","12":"product-type-simple"},"yoast_head":"<!-- This site is optimized with the Yoast SEO plugin v25.3 - https:\/\/yoast.com\/wordpress\/plugins\/seo\/ -->\n<title>SICAK SU TORBASI PELU\u015e KALPL\u0130,KOYU PEMBE TERMOFOR 27X17X2CM 1 L\u0130TRE - Bosphorus<\/title>\n<meta name=\"robots\" content=\"index, follow, max-snippet:-1, max-image-preview:large, max-video-preview:-1\" \/>\n<link rel=\"canonical\" href=\"https:\/\/www.bosphorusith.com\/wp\/en\/product\/sicak-su-torbasi-pelus-kalplikoyu-pembe-termofor-27x17x2cm-1-litre\/\" \/>\n<meta property=\"og:locale\" content=\"en_US\" \/>\n<meta property=\"og:type\" content=\"article\" \/>\n<meta property=\"og:title\" content=\"SICAK SU TORBASI PELU\u015e KALPL\u0130,KOYU PEMBE TERMOFOR 27X17X2CM 1 L\u0130TRE - Bosphorus\" \/>\n<meta property=\"og:description\" content=\"\u0130\u00e7inde kau\u00e7uktan yap\u0131lm\u0131\u015f s\u0131cak su torbas\u0131d\u0131r,d\u0131\u015f\u0131 daha s\u0131cak tutmas\u0131 i\u00e7in pelu\u015f y\u00fcnl\u00fc bir k\u0131lfla kapl\u0131d\u0131r.Pembe renklidir.Bir litre kadar su al\u0131r.Boyu 27cm,eni 17cm,dir.\" \/>\n<meta property=\"og:url\" content=\"https:\/\/www.bosphorusith.com\/wp\/en\/product\/sicak-su-torbasi-pelus-kalplikoyu-pembe-termofor-27x17x2cm-1-litre\/\" \/>\n<meta property=\"og:site_name\" content=\"Bosphorus\" \/>\n<meta property=\"article:modified_time\" content=\"2025-09-21T16:07:35+00:00\" \/>\n<meta property=\"og:image\" content=\"https:\/\/www.bosphorusith.com\/wp\/wp-content\/uploads\/2025\/09\/5702331316670.MAIN_-scaled.jpg\" \/>\n\t<meta property=\"og:image:width\" content=\"2560\" \/>\n\t<meta property=\"og:image:height\" content=\"1440\" \/>\n\t<meta property=\"og:image:type\" content=\"image\/jpeg\" \/>\n<meta name=\"twitter:card\" content=\"summary_large_image\" \/>\n<meta name=\"twitter:label1\" content=\"Est. reading time\" \/>\n\t<meta name=\"twitter:data1\" content=\"1 minute\" \/>\n<script type=\"application\/ld+json\" class=\"yoast-schema-graph\">{\"@context\":\"https:\/\/schema.org\",\"@graph\":[{\"@type\":\"WebPage\",\"@id\":\"https:\/\/www.bosphorusith.com\/wp\/urun\/sicak-su-torbasi-pelus-kalplikoyu-pembe-termofor-27x17x2cm-1-litre\/\",\"url\":\"https:\/\/www.bosphorusith.com\/wp\/urun\/sicak-su-torbasi-pelus-kalplikoyu-pembe-termofor-27x17x2cm-1-litre\/\",\"name\":\"SICAK SU TORBASI PELU\u015e KALPL\u0130,KOYU PEMBE TERMOFOR 27X17X2CM 1 L\u0130TRE - Bosphorus\",\"isPartOf\":{\"@id\":\"https:\/\/www.bosphorusith.com\/wp\/#website\"},\"primaryImageOfPage\":{\"@id\":\"https:\/\/www.bosphorusith.com\/wp\/urun\/sicak-su-torbasi-pelus-kalplikoyu-pembe-termofor-27x17x2cm-1-litre\/#primaryimage\"},\"image\":{\"@id\":\"https:\/\/www.bosphorusith.com\/wp\/urun\/sicak-su-torbasi-pelus-kalplikoyu-pembe-termofor-27x17x2cm-1-litre\/#primaryimage\"},\"thumbnailUrl\":\"https:\/\/www.bosphorusith.com\/wp\/wp-content\/uploads\/2025\/09\/5702331316670.MAIN_-scaled.jpg\",\"datePublished\":\"2025-09-21T16:07:34+00:00\",\"dateModified\":\"2025-09-21T16:07:35+00:00\",\"breadcrumb\":{\"@id\":\"https:\/\/www.bosphorusith.com\/wp\/urun\/sicak-su-torbasi-pelus-kalplikoyu-pembe-termofor-27x17x2cm-1-litre\/#breadcrumb\"},\"inLanguage\":\"en-US\",\"potentialAction\":[{\"@type\":\"ReadAction\",\"target\":[\"https:\/\/www.bosphorusith.com\/wp\/urun\/sicak-su-torbasi-pelus-kalplikoyu-pembe-termofor-27x17x2cm-1-litre\/\"]}]},{\"@type\":\"ImageObject\",\"inLanguage\":\"en-US\",\"@id\":\"https:\/\/www.bosphorusith.com\/wp\/urun\/sicak-su-torbasi-pelus-kalplikoyu-pembe-termofor-27x17x2cm-1-litre\/#primaryimage\",\"url\":\"https:\/\/www.bosphorusith.com\/wp\/wp-content\/uploads\/2025\/09\/5702331316670.MAIN_-scaled.jpg\",\"contentUrl\":\"https:\/\/www.bosphorusith.com\/wp\/wp-content\/uploads\/2025\/09\/5702331316670.MAIN_-scaled.jpg\",\"width\":2560,\"height\":1440},{\"@type\":\"BreadcrumbList\",\"@id\":\"https:\/\/www.bosphorusith.com\/wp\/urun\/sicak-su-torbasi-pelus-kalplikoyu-pembe-termofor-27x17x2cm-1-litre\/#breadcrumb\",\"itemListElement\":[{\"@type\":\"ListItem\",\"position\":1,\"name\":\"Anasayfa\",\"item\":\"https:\/\/www.bosphorusith.com\/wp\/\"},{\"@type\":\"ListItem\",\"position\":2,\"name\":\"Katalog\",\"item\":\"https:\/\/www.bosphorusith.com\/wp\/urunlerimiz\/\"},{\"@type\":\"ListItem\",\"position\":3,\"name\":\"SICAK SU TORBASI PELU\u015e KALPL\u0130,KOYU PEMBE TERMOFOR 27X17X2CM 1 L\u0130TRE\"}]},{\"@type\":\"WebSite\",\"@id\":\"https:\/\/www.bosphorusith.com\/wp\/#website\",\"url\":\"https:\/\/www.bosphorusith.com\/wp\/\",\"name\":\"Bosphorus\",\"description\":\"Ev Aksesuarlar\u0131\",\"publisher\":{\"@id\":\"https:\/\/www.bosphorusith.com\/wp\/#organization\"},\"potentialAction\":[{\"@type\":\"SearchAction\",\"target\":{\"@type\":\"EntryPoint\",\"urlTemplate\":\"https:\/\/www.bosphorusith.com\/wp\/?s={search_term_string}\"},\"query-input\":{\"@type\":\"PropertyValueSpecification\",\"valueRequired\":true,\"valueName\":\"search_term_string\"}}],\"inLanguage\":\"en-US\"},{\"@type\":\"Organization\",\"@id\":\"https:\/\/www.bosphorusith.com\/wp\/#organization\",\"name\":\"Bosphorus\",\"url\":\"https:\/\/www.bosphorusith.com\/wp\/\",\"logo\":{\"@type\":\"ImageObject\",\"inLanguage\":\"en-US\",\"@id\":\"https:\/\/www.bosphorusith.com\/wp\/#\/schema\/logo\/image\/\",\"url\":\"https:\/\/www.bosphorusith.com\/wp\/wp-content\/uploads\/2025\/05\/Adsiz-tasarim.png\",\"contentUrl\":\"https:\/\/www.bosphorusith.com\/wp\/wp-content\/uploads\/2025\/05\/Adsiz-tasarim.png\",\"width\":500,\"height\":500,\"caption\":\"Bosphorus\"},\"image\":{\"@id\":\"https:\/\/www.bosphorusith.com\/wp\/#\/schema\/logo\/image\/\"}}]}<\/script>\n<!-- \/ Yoast SEO plugin. -->","yoast_head_json":{"title":"SICAK SU TORBASI PELU\u015e KALPL\u0130,KOYU PEMBE TERMOFOR 27X17X2CM 1 L\u0130TRE - Bosphorus","robots":{"index":"index","follow":"follow","max-snippet":"max-snippet:-1","max-image-preview":"max-image-preview:large","max-video-preview":"max-video-preview:-1"},"canonical":"https:\/\/www.bosphorusith.com\/wp\/en\/product\/sicak-su-torbasi-pelus-kalplikoyu-pembe-termofor-27x17x2cm-1-litre\/","og_locale":"en_US","og_type":"article","og_title":"SICAK SU TORBASI PELU\u015e KALPL\u0130,KOYU PEMBE TERMOFOR 27X17X2CM 1 L\u0130TRE - Bosphorus","og_description":"\u0130\u00e7inde kau\u00e7uktan yap\u0131lm\u0131\u015f s\u0131cak su torbas\u0131d\u0131r,d\u0131\u015f\u0131 daha s\u0131cak tutmas\u0131 i\u00e7in pelu\u015f y\u00fcnl\u00fc bir k\u0131lfla kapl\u0131d\u0131r.Pembe renklidir.Bir litre kadar su al\u0131r.Boyu 27cm,eni 17cm,dir.","og_url":"https:\/\/www.bosphorusith.com\/wp\/en\/product\/sicak-su-torbasi-pelus-kalplikoyu-pembe-termofor-27x17x2cm-1-litre\/","og_site_name":"Bosphorus","article_modified_time":"2025-09-21T16:07:35+00:00","og_image":[{"width":2560,"height":1440,"url":"https:\/\/www.bosphorusith.com\/wp\/wp-content\/uploads\/2025\/09\/5702331316670.MAIN_-scaled.jpg","type":"image\/jpeg"}],"twitter_card":"summary_large_image","twitter_misc":{"Est. reading time":"1 minute"},"schema":{"@context":"https:\/\/schema.org","@graph":[{"@type":"WebPage","@id":"https:\/\/www.bosphorusith.com\/wp\/urun\/sicak-su-torbasi-pelus-kalplikoyu-pembe-termofor-27x17x2cm-1-litre\/","url":"https:\/\/www.bosphorusith.com\/wp\/urun\/sicak-su-torbasi-pelus-kalplikoyu-pembe-termofor-27x17x2cm-1-litre\/","name":"SICAK SU TORBASI PELU\u015e KALPL\u0130,KOYU PEMBE TERMOFOR 27X17X2CM 1 L\u0130TRE - Bosphorus","isPartOf":{"@id":"https:\/\/www.bosphorusith.com\/wp\/#website"},"primaryImageOfPage":{"@id":"https:\/\/www.bosphorusith.com\/wp\/urun\/sicak-su-torbasi-pelus-kalplikoyu-pembe-termofor-27x17x2cm-1-litre\/#primaryimage"},"image":{"@id":"https:\/\/www.bosphorusith.com\/wp\/urun\/sicak-su-torbasi-pelus-kalplikoyu-pembe-termofor-27x17x2cm-1-litre\/#primaryimage"},"thumbnailUrl":"https:\/\/www.bosphorusith.com\/wp\/wp-content\/uploads\/2025\/09\/5702331316670.MAIN_-scaled.jpg","datePublished":"2025-09-21T16:07:34+00:00","dateModified":"2025-09-21T16:07:35+00:00","breadcrumb":{"@id":"https:\/\/www.bosphorusith.com\/wp\/urun\/sicak-su-torbasi-pelus-kalplikoyu-pembe-termofor-27x17x2cm-1-litre\/#breadcrumb"},"inLanguage":"en-US","potentialAction":[{"@type":"ReadAction","target":["https:\/\/www.bosphorusith.com\/wp\/urun\/sicak-su-torbasi-pelus-kalplikoyu-pembe-termofor-27x17x2cm-1-litre\/"]}]},{"@type":"ImageObject","inLanguage":"en-US","@id":"https:\/\/www.bosphorusith.com\/wp\/urun\/sicak-su-torbasi-pelus-kalplikoyu-pembe-termofor-27x17x2cm-1-litre\/#primaryimage","url":"https:\/\/www.bosphorusith.com\/wp\/wp-content\/uploads\/2025\/09\/5702331316670.MAIN_-scaled.jpg","contentUrl":"https:\/\/www.bosphorusith.com\/wp\/wp-content\/uploads\/2025\/09\/5702331316670.MAIN_-scaled.jpg","width":2560,"height":1440},{"@type":"BreadcrumbList","@id":"https:\/\/www.bosphorusith.com\/wp\/urun\/sicak-su-torbasi-pelus-kalplikoyu-pembe-termofor-27x17x2cm-1-litre\/#breadcrumb","itemListElement":[{"@type":"ListItem","position":1,"name":"Anasayfa","item":"https:\/\/www.bosphorusith.com\/wp\/"},{"@type":"ListItem","position":2,"name":"Katalog","item":"https:\/\/www.bosphorusith.com\/wp\/urunlerimiz\/"},{"@type":"ListItem","position":3,"name":"SICAK SU TORBASI PELU\u015e KALPL\u0130,KOYU PEMBE TERMOFOR 27X17X2CM 1 L\u0130TRE"}]},{"@type":"WebSite","@id":"https:\/\/www.bosphorusith.com\/wp\/#website","url":"https:\/\/www.bosphorusith.com\/wp\/","name":"Bosphorus","description":"Ev Aksesuarlar\u0131","publisher":{"@id":"https:\/\/www.bosphorusith.com\/wp\/#organization"},"potentialAction":[{"@type":"SearchAction","target":{"@type":"EntryPoint","urlTemplate":"https:\/\/www.bosphorusith.com\/wp\/?s={search_term_string}"},"query-input":{"@type":"PropertyValueSpecification","valueRequired":true,"valueName":"search_term_string"}}],"inLanguage":"en-US"},{"@type":"Organization","@id":"https:\/\/www.bosphorusith.com\/wp\/#organization","name":"Bosphorus","url":"https:\/\/www.bosphorusith.com\/wp\/","logo":{"@type":"ImageObject","inLanguage":"en-US","@id":"https:\/\/www.bosphorusith.com\/wp\/#\/schema\/logo\/image\/","url":"https:\/\/www.bosphorusith.com\/wp\/wp-content\/uploads\/2025\/05\/Adsiz-tasarim.png","contentUrl":"https:\/\/www.bosphorusith.com\/wp\/wp-content\/uploads\/2025\/05\/Adsiz-tasarim.png","width":500,"height":500,"caption":"Bosphorus"},"image":{"@id":"https:\/\/www.bosphorusith.com\/wp\/#\/schema\/logo\/image\/"}}]}},"_links":{"self":[{"href":"https:\/\/www.bosphorusith.com\/wp\/en\/wp-json\/wp\/v2\/product\/18020","targetHints":{"allow":["GET"]}}],"collection":[{"href":"https:\/\/www.bosphorusith.com\/wp\/en\/wp-json\/wp\/v2\/product"}],"about":[{"href":"https:\/\/www.bosphorusith.com\/wp\/en\/wp-json\/wp\/v2\/types\/product"}],"replies":[{"embeddable":true,"href":"https:\/\/www.bosphorusith.com\/wp\/en\/wp-json\/wp\/v2\/comments?post=18020"}],"version-history":[{"count":1,"href":"https:\/\/www.bosphorusith.com\/wp\/en\/wp-json\/wp\/v2\/product\/18020\/revisions"}],"predecessor-version":[{"id":18024,"href":"https:\/\/www.bosphorusith.com\/wp\/en\/wp-json\/wp\/v2\/product\/18020\/revisions\/18024"}],"wp:featuredmedia":[{"embeddable":true,"href":"https:\/\/www.bosphorusith.com\/wp\/en\/wp-json\/wp\/v2\/media\/18023"}],"wp:attachment":[{"href":"https:\/\/www.bosphorusith.com\/wp\/en\/wp-json\/wp\/v2\/media?parent=18020"}],"wp:term":[{"taxonomy":"product_brand","embeddable":true,"href":"https:\/\/www.bosphorusith.com\/wp\/en\/wp-json\/wp\/v2\/product_brand?post=18020"},{"taxonomy":"product_cat","embeddable":true,"href":"https:\/\/www.bosphorusith.com\/wp\/en\/wp-json\/wp\/v2\/product_cat?post=18020"},{"taxonomy":"product_tag","embeddable":true,"href":"https:\/\/www.bosphorusith.com\/wp\/en\/wp-json\/wp\/v2\/product_tag?post=18020"}],"curies":[{"name":"wp","href":"https:\/\/api.w.org\/{rel}","templated":true}]}}